{"id":31197,"date":"2025-05-29T17:05:15","date_gmt":"2025-05-29T16:05:15","guid":{"rendered":"https:\/\/lareinecapricieuse.com\/?post_type=product&#038;p=31197"},"modified":"2026-04-21T08:58:24","modified_gmt":"2026-04-21T07:58:24","slug":"serum-pour-le-corps","status":"publish","type":"product","link":"https:\/\/lareinecapricieuse.com\/en\/product\/serum-pour-le-corps\/","title":{"rendered":"Body Serum"},"content":{"rendered":"<p>Body serum infused with immortelle flowers, highly concentrated in smoothing and sculpting bougainvillea active ingredients, ideal for all skin types, even the most sensitive. A special synergy of 6 precious organic oils is combined with propolis and our rare sedentary black bee honey, rich in vitamin B3.<\/p>","protected":false},"excerpt":{"rendered":"<p>Body serum infused with immortelle flowers, highly concentrated in smoothing and sculpting bougainvillea active ingredients, ideal for all skin types, even the most sensitive. A special synergy of 6 precious organic oils is combined with propolis and our rare sedentary black bee honey, rich in vitamin B3.<\/p>","protected":false},"featured_media":31372,"template":"","meta":{"_acf_changed":false},"product_brand":[192],"product_cat":[178],"product_tag":[],"class_list":{"0":"post-31197","1":"product","2":"type-product","3":"status-publish","4":"has-post-thumbnail","6":"product_brand-la-reine-capricieuse","7":"product_cat-gamme","9":"first","10":"instock","11":"taxable","12":"shipping-taxable","13":"purchasable","14":"product-type-simple"},"acf":[],"yoast_head":"<!-- This site is optimized with the Yoast SEO plugin v24.8.1 - https:\/\/yoast.com\/wordpress\/plugins\/seo\/ -->\n<title>S\u00e9rum Pour Le Corps | La Reine Capricieuse<\/title>\n<meta name=\"description\" content=\"S\u00e9rum pour le corps aux actifs anti-\u00e2ge 100% d\u2019origine naturelle. Ide\u0301al pour tous types de peaux. Livraison offerte dans le monde entier.\" \/>\n<meta name=\"robots\" content=\"index, follow, max-snippet:-1, max-image-preview:large, max-video-preview:-1\" \/>\n<link rel=\"canonical\" href=\"https:\/\/lareinecapricieuse.com\/en\/product\/serum-pour-le-corps\/\" \/>\n<meta property=\"og:locale\" content=\"en_US\" \/>\n<meta property=\"og:type\" content=\"article\" \/>\n<meta property=\"og:title\" content=\"S\u00e9rum Pour Le Corps | La Reine Capricieuse\" \/>\n<meta property=\"og:description\" content=\"S\u00e9rum pour le corps aux actifs anti-\u00e2ge 100% d\u2019origine naturelle. Ide\u0301al pour tous types de peaux. Livraison offerte dans le monde entier.\" \/>\n<meta property=\"og:url\" content=\"https:\/\/lareinecapricieuse.com\/en\/product\/serum-pour-le-corps\/\" \/>\n<meta property=\"og:site_name\" content=\"La Reine Capricieuse\" \/>\n<meta property=\"article:publisher\" content=\"https:\/\/www.facebook.com\/lareinecapricieusefr\" \/>\n<meta property=\"article:modified_time\" content=\"2026-04-21T07:58:24+00:00\" \/>\n<meta property=\"og:image\" content=\"https:\/\/lareinecapricieuse.com\/wp-content\/uploads\/2025\/05\/corps2-2.jpg\" \/>\n\t<meta property=\"og:image:width\" content=\"800\" \/>\n\t<meta property=\"og:image:height\" content=\"800\" \/>\n\t<meta property=\"og:image:type\" content=\"image\/jpeg\" \/>\n<meta name=\"twitter:card\" content=\"summary_large_image\" \/>\n<meta name=\"twitter:label1\" content=\"Price\" \/>\n\t<meta name=\"twitter:data1\" content=\"110,00&nbsp;&euro;\" \/>\n\t<meta name=\"twitter:label2\" content=\"Availability\" \/>\n\t<meta name=\"twitter:data2\" content=\"In stock\" \/>\n<script type=\"application\/ld+json\" class=\"yoast-schema-graph\">{\"@context\":\"https:\/\/schema.org\",\"@graph\":[{\"@type\":\"WebPage\",\"@id\":\"https:\/\/lareinecapricieuse.com\/produit\/serum-pour-le-corps\/\",\"url\":\"https:\/\/lareinecapricieuse.com\/produit\/serum-pour-le-corps\/\",\"name\":\"S\u00e9rum Pour Le Corps | La Reine Capricieuse\",\"isPartOf\":{\"@id\":\"https:\/\/lareinecapricieuse.com\/#website\"},\"primaryImageOfPage\":{\"@id\":\"https:\/\/lareinecapricieuse.com\/produit\/serum-pour-le-corps\/#primaryimage\"},\"image\":{\"@id\":\"https:\/\/lareinecapricieuse.com\/produit\/serum-pour-le-corps\/#primaryimage\"},\"thumbnailUrl\":\"https:\/\/lareinecapricieuse.com\/wp-content\/uploads\/2025\/05\/corps2-2.jpg\",\"datePublished\":\"2025-05-29T16:05:15+00:00\",\"dateModified\":\"2026-04-21T07:58:24+00:00\",\"description\":\"S\u00e9rum pour le corps aux actifs anti-\u00e2ge 100% d\u2019origine naturelle. Ide\u0301al pour tous types de peaux. Livraison offerte dans le monde entier.\",\"breadcrumb\":{\"@id\":\"https:\/\/lareinecapricieuse.com\/produit\/serum-pour-le-corps\/#breadcrumb\"},\"inLanguage\":\"en-US\",\"potentialAction\":[{\"@type\":\"ReadAction\",\"target\":[\"https:\/\/lareinecapricieuse.com\/produit\/serum-pour-le-corps\/\"]}]},{\"@type\":\"ImageObject\",\"inLanguage\":\"en-US\",\"@id\":\"https:\/\/lareinecapricieuse.com\/produit\/serum-pour-le-corps\/#primaryimage\",\"url\":\"https:\/\/lareinecapricieuse.com\/wp-content\/uploads\/2025\/05\/corps2-2.jpg\",\"contentUrl\":\"https:\/\/lareinecapricieuse.com\/wp-content\/uploads\/2025\/05\/corps2-2.jpg\",\"width\":800,\"height\":800,\"caption\":\"S\u00e9rum pour le Corps par La Reine Capricieuse\"},{\"@type\":\"BreadcrumbList\",\"@id\":\"https:\/\/lareinecapricieuse.com\/produit\/serum-pour-le-corps\/#breadcrumb\",\"itemListElement\":[{\"@type\":\"ListItem\",\"position\":1,\"name\":\"Accueil\",\"item\":\"https:\/\/lareinecapricieuse.com\/\"},{\"@type\":\"ListItem\",\"position\":2,\"name\":\"Nos produits\",\"item\":\"https:\/\/lareinecapricieuse.com\/nos-produits\/\"},{\"@type\":\"ListItem\",\"position\":3,\"name\":\"S\u00e9rum Pour Le Corps\"}]},{\"@type\":\"WebSite\",\"@id\":\"https:\/\/lareinecapricieuse.com\/#website\",\"url\":\"https:\/\/lareinecapricieuse.com\/\",\"name\":\"La Reine Capricieuse\",\"description\":\"Ultra-Care Beaut\u00e9\",\"publisher\":{\"@id\":\"https:\/\/lareinecapricieuse.com\/#organization\"},\"potentialAction\":[{\"@type\":\"SearchAction\",\"target\":{\"@type\":\"EntryPoint\",\"urlTemplate\":\"https:\/\/lareinecapricieuse.com\/?s={search_term_string}\"},\"query-input\":{\"@type\":\"PropertyValueSpecification\",\"valueRequired\":true,\"valueName\":\"search_term_string\"}}],\"inLanguage\":\"en-US\"},{\"@type\":\"Organization\",\"@id\":\"https:\/\/lareinecapricieuse.com\/#organization\",\"name\":\"La Reine Capricieuse\",\"url\":\"https:\/\/lareinecapricieuse.com\/\",\"logo\":{\"@type\":\"ImageObject\",\"inLanguage\":\"en-US\",\"@id\":\"https:\/\/lareinecapricieuse.com\/#\/schema\/logo\/image\/\",\"url\":\"https:\/\/lareinecapricieuse.com\/wp-content\/uploads\/2023\/12\/LOGO-LRC-PAYSAGE-OR-600ppi.png\",\"contentUrl\":\"https:\/\/lareinecapricieuse.com\/wp-content\/uploads\/2023\/12\/LOGO-LRC-PAYSAGE-OR-600ppi.png\",\"width\":2048,\"height\":664,\"caption\":\"La Reine Capricieuse\"},\"image\":{\"@id\":\"https:\/\/lareinecapricieuse.com\/#\/schema\/logo\/image\/\"},\"sameAs\":[\"https:\/\/www.facebook.com\/lareinecapricieusefr\",\"https:\/\/www.instagram.com\/lareinecapricieuse\/\"]}]}<\/script>\n<meta property=\"product:price:amount\" content=\"110.00\" \/>\n<meta property=\"product:price:currency\" content=\"EUR\" \/>\n<meta property=\"og:availability\" content=\"instock\" \/>\n<meta property=\"product:availability\" content=\"instock\" \/>\n<meta property=\"product:condition\" content=\"new\" \/>\n<!-- \/ Yoast SEO plugin. -->","yoast_head_json":{"title":"S\u00e9rum Pour Le Corps | La Reine Capricieuse","description":"S\u00e9rum pour le corps aux actifs anti-\u00e2ge 100% d\u2019origine naturelle. Ide\u0301al pour tous types de peaux. Livraison offerte dans le monde entier.","robots":{"index":"index","follow":"follow","max-snippet":"max-snippet:-1","max-image-preview":"max-image-preview:large","max-video-preview":"max-video-preview:-1"},"canonical":"https:\/\/lareinecapricieuse.com\/en\/product\/serum-pour-le-corps\/","og_locale":"en_US","og_type":"article","og_title":"S\u00e9rum Pour Le Corps | La Reine Capricieuse","og_description":"S\u00e9rum pour le corps aux actifs anti-\u00e2ge 100% d\u2019origine naturelle. Ide\u0301al pour tous types de peaux. Livraison offerte dans le monde entier.","og_url":"https:\/\/lareinecapricieuse.com\/en\/product\/serum-pour-le-corps\/","og_site_name":"La Reine Capricieuse","article_publisher":"https:\/\/www.facebook.com\/lareinecapricieusefr","article_modified_time":"2026-04-21T07:58:24+00:00","og_image":[{"width":800,"height":800,"url":"https:\/\/lareinecapricieuse.com\/wp-content\/uploads\/2025\/05\/corps2-2.jpg","type":"image\/jpeg"}],"twitter_card":"summary_large_image","twitter_misc":{"Price":"110,00&nbsp;&euro;","Availability":"In stock"},"schema":{"@context":"https:\/\/schema.org","@graph":[{"@type":"WebPage","@id":"https:\/\/lareinecapricieuse.com\/produit\/serum-pour-le-corps\/","url":"https:\/\/lareinecapricieuse.com\/produit\/serum-pour-le-corps\/","name":"S\u00e9rum Pour Le Corps | La Reine Capricieuse","isPartOf":{"@id":"https:\/\/lareinecapricieuse.com\/#website"},"primaryImageOfPage":{"@id":"https:\/\/lareinecapricieuse.com\/produit\/serum-pour-le-corps\/#primaryimage"},"image":{"@id":"https:\/\/lareinecapricieuse.com\/produit\/serum-pour-le-corps\/#primaryimage"},"thumbnailUrl":"https:\/\/lareinecapricieuse.com\/wp-content\/uploads\/2025\/05\/corps2-2.jpg","datePublished":"2025-05-29T16:05:15+00:00","dateModified":"2026-04-21T07:58:24+00:00","description":"S\u00e9rum pour le corps aux actifs anti-\u00e2ge 100% d\u2019origine naturelle. Ide\u0301al pour tous types de peaux. Livraison offerte dans le monde entier.","breadcrumb":{"@id":"https:\/\/lareinecapricieuse.com\/produit\/serum-pour-le-corps\/#breadcrumb"},"inLanguage":"en-US","potentialAction":[{"@type":"ReadAction","target":["https:\/\/lareinecapricieuse.com\/produit\/serum-pour-le-corps\/"]}]},{"@type":"ImageObject","inLanguage":"en-US","@id":"https:\/\/lareinecapricieuse.com\/produit\/serum-pour-le-corps\/#primaryimage","url":"https:\/\/lareinecapricieuse.com\/wp-content\/uploads\/2025\/05\/corps2-2.jpg","contentUrl":"https:\/\/lareinecapricieuse.com\/wp-content\/uploads\/2025\/05\/corps2-2.jpg","width":800,"height":800,"caption":"S\u00e9rum pour le Corps par La Reine Capricieuse"},{"@type":"BreadcrumbList","@id":"https:\/\/lareinecapricieuse.com\/produit\/serum-pour-le-corps\/#breadcrumb","itemListElement":[{"@type":"ListItem","position":1,"name":"Accueil","item":"https:\/\/lareinecapricieuse.com\/"},{"@type":"ListItem","position":2,"name":"Nos produits","item":"https:\/\/lareinecapricieuse.com\/nos-produits\/"},{"@type":"ListItem","position":3,"name":"S\u00e9rum Pour Le Corps"}]},{"@type":"WebSite","@id":"https:\/\/lareinecapricieuse.com\/#website","url":"https:\/\/lareinecapricieuse.com\/","name":"La Reine Capricieuse","description":"Ultra-Care Beaut\u00e9","publisher":{"@id":"https:\/\/lareinecapricieuse.com\/#organization"},"potentialAction":[{"@type":"SearchAction","target":{"@type":"EntryPoint","urlTemplate":"https:\/\/lareinecapricieuse.com\/?s={search_term_string}"},"query-input":{"@type":"PropertyValueSpecification","valueRequired":true,"valueName":"search_term_string"}}],"inLanguage":"en-US"},{"@type":"Organization","@id":"https:\/\/lareinecapricieuse.com\/#organization","name":"La Reine Capricieuse","url":"https:\/\/lareinecapricieuse.com\/","logo":{"@type":"ImageObject","inLanguage":"en-US","@id":"https:\/\/lareinecapricieuse.com\/#\/schema\/logo\/image\/","url":"https:\/\/lareinecapricieuse.com\/wp-content\/uploads\/2023\/12\/LOGO-LRC-PAYSAGE-OR-600ppi.png","contentUrl":"https:\/\/lareinecapricieuse.com\/wp-content\/uploads\/2023\/12\/LOGO-LRC-PAYSAGE-OR-600ppi.png","width":2048,"height":664,"caption":"La Reine Capricieuse"},"image":{"@id":"https:\/\/lareinecapricieuse.com\/#\/schema\/logo\/image\/"},"sameAs":["https:\/\/www.facebook.com\/lareinecapricieusefr","https:\/\/www.instagram.com\/lareinecapricieuse\/"]}]},"product_price_amount":"110.00","product_price_currency":"EUR","og_availability":"instock","product_availability":"instock","product_condition":"new"},"jetpack_sharing_enabled":true,"_links":{"self":[{"href":"https:\/\/lareinecapricieuse.com\/en\/wp-json\/wp\/v2\/product\/31197","targetHints":{"allow":["GET"]}}],"collection":[{"href":"https:\/\/lareinecapricieuse.com\/en\/wp-json\/wp\/v2\/product"}],"about":[{"href":"https:\/\/lareinecapricieuse.com\/en\/wp-json\/wp\/v2\/types\/product"}],"version-history":[{"count":11,"href":"https:\/\/lareinecapricieuse.com\/en\/wp-json\/wp\/v2\/product\/31197\/revisions"}],"predecessor-version":[{"id":33292,"href":"https:\/\/lareinecapricieuse.com\/en\/wp-json\/wp\/v2\/product\/31197\/revisions\/33292"}],"wp:featuredmedia":[{"embeddable":true,"href":"https:\/\/lareinecapricieuse.com\/en\/wp-json\/wp\/v2\/media\/31372"}],"wp:attachment":[{"href":"https:\/\/lareinecapricieuse.com\/en\/wp-json\/wp\/v2\/media?parent=31197"}],"wp:term":[{"taxonomy":"product_brand","embeddable":true,"href":"https:\/\/lareinecapricieuse.com\/en\/wp-json\/wp\/v2\/product_brand?post=31197"},{"taxonomy":"product_cat","embeddable":true,"href":"https:\/\/lareinecapricieuse.com\/en\/wp-json\/wp\/v2\/product_cat?post=31197"},{"taxonomy":"product_tag","embeddable":true,"href":"https:\/\/lareinecapricieuse.com\/en\/wp-json\/wp\/v2\/product_tag?post=31197"}],"curies":[{"name":"wp","href":"https:\/\/api.w.org\/{rel}","templated":true}]}}