{"id":27499,"date":"2024-12-05T12:24:50","date_gmt":"2024-12-05T11:24:50","guid":{"rendered":"https:\/\/lareinecapricieuse.com\/?post_type=product&#038;p=27499"},"modified":"2026-04-24T09:17:13","modified_gmt":"2026-04-24T08:17:13","slug":"format-voyage-1","status":"publish","type":"product","link":"https:\/\/lareinecapricieuse.com\/en\/product\/travel-size\/","title":{"rendered":"Travel Size No. 1"},"content":{"rendered":"<p>Finally available in Travel Size!<\/p>\n<p>Escape with ease with this timeless Travel Size.<\/p>\n<p><em>Travel Size of 3 Precious Golden Capsules (3 x 5 ml)<\/em><\/p>","protected":false},"excerpt":{"rendered":"<p>Finally available in Travel Size! Escape with ease with this timeless Travel Size. Travel Size of 3 Precious Golden Capsules (3 x 5 ml)<\/p>","protected":false},"featured_media":33676,"template":"","meta":{"_acf_changed":false},"product_brand":[192],"product_cat":[190],"product_tag":[],"class_list":{"0":"post-27499","1":"product","2":"type-product","3":"status-publish","4":"has-post-thumbnail","6":"product_brand-la-reine-capricieuse","7":"product_cat-voyage","8":"product_shipping_class-world","10":"first","11":"instock","12":"taxable","13":"shipping-taxable","14":"purchasable","15":"product-type-simple"},"acf":[],"yoast_head":"<!-- This site is optimized with the Yoast SEO plugin v24.8.1 - https:\/\/yoast.com\/wordpress\/plugins\/seo\/ -->\n<title>Format Voyage N\u00b0 1 | Soin anti-\u00e2ge visage pour toutes les peaux<\/title>\n<meta name=\"description\" content=\"Cr\u00e8me Riche Cellulaire en format voyage \u00e0 emporter partout. 3 capsules aux actifs anti-\u00e2ge 100% d\u2019origine naturelle. Livraison offerte dans le monde entier.\" \/>\n<meta name=\"robots\" content=\"index, follow, max-snippet:-1, max-image-preview:large, max-video-preview:-1\" \/>\n<link rel=\"canonical\" href=\"https:\/\/lareinecapricieuse.com\/en\/product\/travel-size\/\" \/>\n<meta property=\"og:locale\" content=\"en_US\" \/>\n<meta property=\"og:type\" content=\"article\" \/>\n<meta property=\"og:title\" content=\"Format Voyage N\u00b0 1 | Soin anti-\u00e2ge visage pour toutes les peaux\" \/>\n<meta property=\"og:description\" content=\"Cr\u00e8me Riche Cellulaire en format voyage \u00e0 emporter partout. 3 capsules aux actifs anti-\u00e2ge 100% d\u2019origine naturelle. Livraison offerte dans le monde entier.\" \/>\n<meta property=\"og:url\" content=\"https:\/\/lareinecapricieuse.com\/en\/product\/travel-size\/\" \/>\n<meta property=\"og:site_name\" content=\"La Reine Capricieuse\" \/>\n<meta property=\"article:publisher\" content=\"https:\/\/www.facebook.com\/lareinecapricieusefr\" \/>\n<meta property=\"article:modified_time\" content=\"2026-04-24T08:17:13+00:00\" \/>\n<meta property=\"og:image\" content=\"https:\/\/lareinecapricieuse.com\/wp-content\/uploads\/2025\/10\/IMG_4678-Picsart-AiImageEnhancer-1.jpg\" \/>\n\t<meta property=\"og:image:width\" content=\"700\" \/>\n\t<meta property=\"og:image:height\" content=\"700\" \/>\n\t<meta property=\"og:image:type\" content=\"image\/jpeg\" \/>\n<meta name=\"twitter:card\" content=\"summary_large_image\" \/>\n<meta name=\"twitter:label1\" content=\"Price\" \/>\n\t<meta name=\"twitter:data1\" content=\"74,00&nbsp;&euro;\" \/>\n\t<meta name=\"twitter:label2\" content=\"Availability\" \/>\n\t<meta name=\"twitter:data2\" content=\"In stock\" \/>\n<script type=\"application\/ld+json\" class=\"yoast-schema-graph\">{\"@context\":\"https:\/\/schema.org\",\"@graph\":[{\"@type\":\"WebPage\",\"@id\":\"https:\/\/lareinecapricieuse.com\/produit\/format-voyage-1\/\",\"url\":\"https:\/\/lareinecapricieuse.com\/produit\/format-voyage-1\/\",\"name\":\"Format Voyage N\u00b0 1 | Soin anti-\u00e2ge visage pour toutes les peaux\",\"isPartOf\":{\"@id\":\"https:\/\/lareinecapricieuse.com\/#website\"},\"primaryImageOfPage\":{\"@id\":\"https:\/\/lareinecapricieuse.com\/produit\/format-voyage-1\/#primaryimage\"},\"image\":{\"@id\":\"https:\/\/lareinecapricieuse.com\/produit\/format-voyage-1\/#primaryimage\"},\"thumbnailUrl\":\"https:\/\/lareinecapricieuse.com\/wp-content\/uploads\/2025\/10\/IMG_4678-Picsart-AiImageEnhancer-1.jpg\",\"datePublished\":\"2024-12-05T11:24:50+00:00\",\"dateModified\":\"2026-04-24T08:17:13+00:00\",\"description\":\"Cr\u00e8me Riche Cellulaire en format voyage \u00e0 emporter partout. 3 capsules aux actifs anti-\u00e2ge 100% d\u2019origine naturelle. Livraison offerte dans le monde entier.\",\"breadcrumb\":{\"@id\":\"https:\/\/lareinecapricieuse.com\/produit\/format-voyage-1\/#breadcrumb\"},\"inLanguage\":\"en-US\",\"potentialAction\":[{\"@type\":\"ReadAction\",\"target\":[\"https:\/\/lareinecapricieuse.com\/produit\/format-voyage-1\/\"]}]},{\"@type\":\"ImageObject\",\"inLanguage\":\"en-US\",\"@id\":\"https:\/\/lareinecapricieuse.com\/produit\/format-voyage-1\/#primaryimage\",\"url\":\"https:\/\/lareinecapricieuse.com\/wp-content\/uploads\/2025\/10\/IMG_4678-Picsart-AiImageEnhancer-1.jpg\",\"contentUrl\":\"https:\/\/lareinecapricieuse.com\/wp-content\/uploads\/2025\/10\/IMG_4678-Picsart-AiImageEnhancer-1.jpg\",\"width\":700,\"height\":700},{\"@type\":\"BreadcrumbList\",\"@id\":\"https:\/\/lareinecapricieuse.com\/produit\/format-voyage-1\/#breadcrumb\",\"itemListElement\":[{\"@type\":\"ListItem\",\"position\":1,\"name\":\"Accueil\",\"item\":\"https:\/\/lareinecapricieuse.com\/\"},{\"@type\":\"ListItem\",\"position\":2,\"name\":\"Nos produits\",\"item\":\"https:\/\/lareinecapricieuse.com\/nos-produits\/\"},{\"@type\":\"ListItem\",\"position\":3,\"name\":\"Format Voyage N\u00b0 1\"}]},{\"@type\":\"WebSite\",\"@id\":\"https:\/\/lareinecapricieuse.com\/#website\",\"url\":\"https:\/\/lareinecapricieuse.com\/\",\"name\":\"La Reine Capricieuse\",\"description\":\"Ultra-Care Beaut\u00e9\",\"publisher\":{\"@id\":\"https:\/\/lareinecapricieuse.com\/#organization\"},\"potentialAction\":[{\"@type\":\"SearchAction\",\"target\":{\"@type\":\"EntryPoint\",\"urlTemplate\":\"https:\/\/lareinecapricieuse.com\/?s={search_term_string}\"},\"query-input\":{\"@type\":\"PropertyValueSpecification\",\"valueRequired\":true,\"valueName\":\"search_term_string\"}}],\"inLanguage\":\"en-US\"},{\"@type\":\"Organization\",\"@id\":\"https:\/\/lareinecapricieuse.com\/#organization\",\"name\":\"La Reine Capricieuse\",\"url\":\"https:\/\/lareinecapricieuse.com\/\",\"logo\":{\"@type\":\"ImageObject\",\"inLanguage\":\"en-US\",\"@id\":\"https:\/\/lareinecapricieuse.com\/#\/schema\/logo\/image\/\",\"url\":\"https:\/\/lareinecapricieuse.com\/wp-content\/uploads\/2023\/12\/LOGO-LRC-PAYSAGE-OR-600ppi.png\",\"contentUrl\":\"https:\/\/lareinecapricieuse.com\/wp-content\/uploads\/2023\/12\/LOGO-LRC-PAYSAGE-OR-600ppi.png\",\"width\":2048,\"height\":664,\"caption\":\"La Reine Capricieuse\"},\"image\":{\"@id\":\"https:\/\/lareinecapricieuse.com\/#\/schema\/logo\/image\/\"},\"sameAs\":[\"https:\/\/www.facebook.com\/lareinecapricieusefr\",\"https:\/\/www.instagram.com\/lareinecapricieuse\/\"]}]}<\/script>\n<meta property=\"product:price:amount\" content=\"74.00\" \/>\n<meta property=\"product:price:currency\" content=\"EUR\" \/>\n<meta property=\"og:availability\" content=\"instock\" \/>\n<meta property=\"product:availability\" content=\"instock\" \/>\n<meta property=\"product:condition\" content=\"new\" \/>\n<!-- \/ Yoast SEO plugin. -->","yoast_head_json":{"title":"Format Voyage N\u00b0 1 | Soin anti-\u00e2ge visage pour toutes les peaux","description":"Cr\u00e8me Riche Cellulaire en format voyage \u00e0 emporter partout. 3 capsules aux actifs anti-\u00e2ge 100% d\u2019origine naturelle. Livraison offerte dans le monde entier.","robots":{"index":"index","follow":"follow","max-snippet":"max-snippet:-1","max-image-preview":"max-image-preview:large","max-video-preview":"max-video-preview:-1"},"canonical":"https:\/\/lareinecapricieuse.com\/en\/product\/travel-size\/","og_locale":"en_US","og_type":"article","og_title":"Format Voyage N\u00b0 1 | Soin anti-\u00e2ge visage pour toutes les peaux","og_description":"Cr\u00e8me Riche Cellulaire en format voyage \u00e0 emporter partout. 3 capsules aux actifs anti-\u00e2ge 100% d\u2019origine naturelle. Livraison offerte dans le monde entier.","og_url":"https:\/\/lareinecapricieuse.com\/en\/product\/travel-size\/","og_site_name":"La Reine Capricieuse","article_publisher":"https:\/\/www.facebook.com\/lareinecapricieusefr","article_modified_time":"2026-04-24T08:17:13+00:00","og_image":[{"width":700,"height":700,"url":"https:\/\/lareinecapricieuse.com\/wp-content\/uploads\/2025\/10\/IMG_4678-Picsart-AiImageEnhancer-1.jpg","type":"image\/jpeg"}],"twitter_card":"summary_large_image","twitter_misc":{"Price":"74,00&nbsp;&euro;","Availability":"In stock"},"schema":{"@context":"https:\/\/schema.org","@graph":[{"@type":"WebPage","@id":"https:\/\/lareinecapricieuse.com\/produit\/format-voyage-1\/","url":"https:\/\/lareinecapricieuse.com\/produit\/format-voyage-1\/","name":"Format Voyage N\u00b0 1 | Soin anti-\u00e2ge visage pour toutes les peaux","isPartOf":{"@id":"https:\/\/lareinecapricieuse.com\/#website"},"primaryImageOfPage":{"@id":"https:\/\/lareinecapricieuse.com\/produit\/format-voyage-1\/#primaryimage"},"image":{"@id":"https:\/\/lareinecapricieuse.com\/produit\/format-voyage-1\/#primaryimage"},"thumbnailUrl":"https:\/\/lareinecapricieuse.com\/wp-content\/uploads\/2025\/10\/IMG_4678-Picsart-AiImageEnhancer-1.jpg","datePublished":"2024-12-05T11:24:50+00:00","dateModified":"2026-04-24T08:17:13+00:00","description":"Cr\u00e8me Riche Cellulaire en format voyage \u00e0 emporter partout. 3 capsules aux actifs anti-\u00e2ge 100% d\u2019origine naturelle. Livraison offerte dans le monde entier.","breadcrumb":{"@id":"https:\/\/lareinecapricieuse.com\/produit\/format-voyage-1\/#breadcrumb"},"inLanguage":"en-US","potentialAction":[{"@type":"ReadAction","target":["https:\/\/lareinecapricieuse.com\/produit\/format-voyage-1\/"]}]},{"@type":"ImageObject","inLanguage":"en-US","@id":"https:\/\/lareinecapricieuse.com\/produit\/format-voyage-1\/#primaryimage","url":"https:\/\/lareinecapricieuse.com\/wp-content\/uploads\/2025\/10\/IMG_4678-Picsart-AiImageEnhancer-1.jpg","contentUrl":"https:\/\/lareinecapricieuse.com\/wp-content\/uploads\/2025\/10\/IMG_4678-Picsart-AiImageEnhancer-1.jpg","width":700,"height":700},{"@type":"BreadcrumbList","@id":"https:\/\/lareinecapricieuse.com\/produit\/format-voyage-1\/#breadcrumb","itemListElement":[{"@type":"ListItem","position":1,"name":"Accueil","item":"https:\/\/lareinecapricieuse.com\/"},{"@type":"ListItem","position":2,"name":"Nos produits","item":"https:\/\/lareinecapricieuse.com\/nos-produits\/"},{"@type":"ListItem","position":3,"name":"Format Voyage N\u00b0 1"}]},{"@type":"WebSite","@id":"https:\/\/lareinecapricieuse.com\/#website","url":"https:\/\/lareinecapricieuse.com\/","name":"La Reine Capricieuse","description":"Ultra-Care Beaut\u00e9","publisher":{"@id":"https:\/\/lareinecapricieuse.com\/#organization"},"potentialAction":[{"@type":"SearchAction","target":{"@type":"EntryPoint","urlTemplate":"https:\/\/lareinecapricieuse.com\/?s={search_term_string}"},"query-input":{"@type":"PropertyValueSpecification","valueRequired":true,"valueName":"search_term_string"}}],"inLanguage":"en-US"},{"@type":"Organization","@id":"https:\/\/lareinecapricieuse.com\/#organization","name":"La Reine Capricieuse","url":"https:\/\/lareinecapricieuse.com\/","logo":{"@type":"ImageObject","inLanguage":"en-US","@id":"https:\/\/lareinecapricieuse.com\/#\/schema\/logo\/image\/","url":"https:\/\/lareinecapricieuse.com\/wp-content\/uploads\/2023\/12\/LOGO-LRC-PAYSAGE-OR-600ppi.png","contentUrl":"https:\/\/lareinecapricieuse.com\/wp-content\/uploads\/2023\/12\/LOGO-LRC-PAYSAGE-OR-600ppi.png","width":2048,"height":664,"caption":"La Reine Capricieuse"},"image":{"@id":"https:\/\/lareinecapricieuse.com\/#\/schema\/logo\/image\/"},"sameAs":["https:\/\/www.facebook.com\/lareinecapricieusefr","https:\/\/www.instagram.com\/lareinecapricieuse\/"]}]},"product_price_amount":"74.00","product_price_currency":"EUR","og_availability":"instock","product_availability":"instock","product_condition":"new"},"jetpack_sharing_enabled":true,"_links":{"self":[{"href":"https:\/\/lareinecapricieuse.com\/en\/wp-json\/wp\/v2\/product\/27499","targetHints":{"allow":["GET"]}}],"collection":[{"href":"https:\/\/lareinecapricieuse.com\/en\/wp-json\/wp\/v2\/product"}],"about":[{"href":"https:\/\/lareinecapricieuse.com\/en\/wp-json\/wp\/v2\/types\/product"}],"version-history":[{"count":10,"href":"https:\/\/lareinecapricieuse.com\/en\/wp-json\/wp\/v2\/product\/27499\/revisions"}],"predecessor-version":[{"id":33960,"href":"https:\/\/lareinecapricieuse.com\/en\/wp-json\/wp\/v2\/product\/27499\/revisions\/33960"}],"wp:featuredmedia":[{"embeddable":true,"href":"https:\/\/lareinecapricieuse.com\/en\/wp-json\/wp\/v2\/media\/33676"}],"wp:attachment":[{"href":"https:\/\/lareinecapricieuse.com\/en\/wp-json\/wp\/v2\/media?parent=27499"}],"wp:term":[{"taxonomy":"product_brand","embeddable":true,"href":"https:\/\/lareinecapricieuse.com\/en\/wp-json\/wp\/v2\/product_brand?post=27499"},{"taxonomy":"product_cat","embeddable":true,"href":"https:\/\/lareinecapricieuse.com\/en\/wp-json\/wp\/v2\/product_cat?post=27499"},{"taxonomy":"product_tag","embeddable":true,"href":"https:\/\/lareinecapricieuse.com\/en\/wp-json\/wp\/v2\/product_tag?post=27499"}],"curies":[{"name":"wp","href":"https:\/\/api.w.org\/{rel}","templated":true}]}}