{"id":27493,"date":"2024-11-05T11:59:15","date_gmt":"2024-11-05T10:59:15","guid":{"rendered":"https:\/\/lareinecapricieuse.com\/?post_type=product&#038;p=27493"},"modified":"2026-04-28T20:17:47","modified_gmt":"2026-04-28T19:17:47","slug":"capsule-1","status":"publish","type":"product","link":"https:\/\/lareinecapricieuse.com\/en\/product\/capsule\/","title":{"rendered":"Test Capsule No. 1"},"content":{"rendered":"<p>Want to try it for 3 days?<\/p>\n<p>The value of the\u00a0<span class=\"il\">capsule<\/span>\u00a0of<span class=\"il\">essay<\/span> is reimbursed for the purchase of a bottle of Cellular Rich Cream 50 ml on our website.<\/p>\n<p><em>Elegant\u00a0<span class=\"il\">capsule<\/span>\u00a0of<span class=\"il\">essay<\/span>\u00a05 ml in recyclable 100% aluminum. Diameter: 2.6 cm. Height: 1.4 cm. Offer limited to one\u00a0<span class=\"il\">capsule<\/span>\u00a0of<span class=\"il\">essay<\/span>\u00a0per person.<\/em><\/p>","protected":false},"excerpt":{"rendered":"<p>Want to try it for 3 days? The value of the trial capsule is refunded when you purchase a 50 ml bottle of Cellular Rich Cream on our website. Elegant 5 ml trial capsule made of recyclable 100% aluminum. Diameter: 2.6 cm. Height: 1.4 cm. Offer limited to one trial capsule per person.<\/p>","protected":false},"featured_media":28056,"template":"","meta":{"_acf_changed":false},"product_brand":[192],"product_cat":[190],"product_tag":[],"class_list":{"0":"post-27493","1":"product","2":"type-product","3":"status-publish","4":"has-post-thumbnail","6":"product_brand-la-reine-capricieuse","7":"product_cat-voyage","8":"product_shipping_class-world","10":"first","11":"instock","12":"taxable","13":"shipping-taxable","14":"purchasable","15":"product-type-simple"},"acf":[],"yoast_head":"<!-- This site is optimized with the Yoast SEO plugin v24.8.1 - https:\/\/yoast.com\/wordpress\/plugins\/seo\/ -->\n<title>Capsule d\u2019Essai N\u00b01 | D\u00e9couvrez nos Soins Naturels | La Reine Capricieuse<\/title>\n<meta name=\"description\" content=\"Capsule d&#039;essai de cr\u00e8me riche cellulaire aux actifs anti-\u00e2ge 100% d\u2019origine naturelle. Rembours\u00e9e pour l&#039;achat d&#039;un flacon. Livraison offerte.\" \/>\n<meta name=\"robots\" content=\"index, follow, max-snippet:-1, max-image-preview:large, max-video-preview:-1\" \/>\n<link rel=\"canonical\" href=\"https:\/\/lareinecapricieuse.com\/en\/product\/capsule\/\" \/>\n<meta property=\"og:locale\" content=\"en_US\" \/>\n<meta property=\"og:type\" content=\"article\" \/>\n<meta property=\"og:title\" content=\"Capsule d\u2019Essai N\u00b01 | D\u00e9couvrez nos Soins Naturels | La Reine Capricieuse\" \/>\n<meta property=\"og:description\" content=\"Capsule d&#039;essai de cr\u00e8me riche cellulaire aux actifs anti-\u00e2ge 100% d\u2019origine naturelle. Rembours\u00e9e pour l&#039;achat d&#039;un flacon. Livraison offerte.\" \/>\n<meta property=\"og:url\" content=\"https:\/\/lareinecapricieuse.com\/en\/product\/capsule\/\" \/>\n<meta property=\"og:site_name\" content=\"La Reine Capricieuse\" \/>\n<meta property=\"article:publisher\" content=\"https:\/\/www.facebook.com\/lareinecapricieusefr\" \/>\n<meta property=\"article:modified_time\" content=\"2026-04-28T19:17:47+00:00\" \/>\n<meta property=\"og:image\" content=\"https:\/\/lareinecapricieuse.com\/wp-content\/uploads\/2024\/12\/Capsule_Voyage_2.jpg\" \/>\n\t<meta property=\"og:image:width\" content=\"600\" \/>\n\t<meta property=\"og:image:height\" content=\"600\" \/>\n\t<meta property=\"og:image:type\" content=\"image\/jpeg\" \/>\n<meta name=\"twitter:card\" content=\"summary_large_image\" \/>\n<meta name=\"twitter:label1\" content=\"Price\" \/>\n\t<meta name=\"twitter:data1\" content=\"32,00&nbsp;&euro;\" \/>\n\t<meta name=\"twitter:label2\" content=\"Availability\" \/>\n\t<meta name=\"twitter:data2\" content=\"In stock\" \/>\n<script type=\"application\/ld+json\" class=\"yoast-schema-graph\">{\"@context\":\"https:\/\/schema.org\",\"@graph\":[{\"@type\":\"WebPage\",\"@id\":\"https:\/\/lareinecapricieuse.com\/produit\/capsule-1\/\",\"url\":\"https:\/\/lareinecapricieuse.com\/produit\/capsule-1\/\",\"name\":\"Capsule d\u2019Essai N\u00b01 | D\u00e9couvrez nos Soins Naturels | La Reine Capricieuse\",\"isPartOf\":{\"@id\":\"https:\/\/lareinecapricieuse.com\/#website\"},\"primaryImageOfPage\":{\"@id\":\"https:\/\/lareinecapricieuse.com\/produit\/capsule-1\/#primaryimage\"},\"image\":{\"@id\":\"https:\/\/lareinecapricieuse.com\/produit\/capsule-1\/#primaryimage\"},\"thumbnailUrl\":\"https:\/\/lareinecapricieuse.com\/wp-content\/uploads\/2024\/12\/Capsule_Voyage_2.jpg\",\"datePublished\":\"2024-11-05T10:59:15+00:00\",\"dateModified\":\"2026-04-28T19:17:47+00:00\",\"description\":\"Capsule d'essai de cr\u00e8me riche cellulaire aux actifs anti-\u00e2ge 100% d\u2019origine naturelle. Rembours\u00e9e pour l'achat d'un flacon. Livraison offerte.\",\"breadcrumb\":{\"@id\":\"https:\/\/lareinecapricieuse.com\/produit\/capsule-1\/#breadcrumb\"},\"inLanguage\":\"en-US\",\"potentialAction\":[{\"@type\":\"ReadAction\",\"target\":[\"https:\/\/lareinecapricieuse.com\/produit\/capsule-1\/\"]}]},{\"@type\":\"ImageObject\",\"inLanguage\":\"en-US\",\"@id\":\"https:\/\/lareinecapricieuse.com\/produit\/capsule-1\/#primaryimage\",\"url\":\"https:\/\/lareinecapricieuse.com\/wp-content\/uploads\/2024\/12\/Capsule_Voyage_2.jpg\",\"contentUrl\":\"https:\/\/lareinecapricieuse.com\/wp-content\/uploads\/2024\/12\/Capsule_Voyage_2.jpg\",\"width\":600,\"height\":600,\"caption\":\"Capsule d'essai pour tester la Cr\u00e8me Riche Cellulaire pendant 3 jours. Rembours\u00e9e pour l'achat d'un flacon.\"},{\"@type\":\"BreadcrumbList\",\"@id\":\"https:\/\/lareinecapricieuse.com\/produit\/capsule-1\/#breadcrumb\",\"itemListElement\":[{\"@type\":\"ListItem\",\"position\":1,\"name\":\"Accueil\",\"item\":\"https:\/\/lareinecapricieuse.com\/\"},{\"@type\":\"ListItem\",\"position\":2,\"name\":\"Nos produits\",\"item\":\"https:\/\/lareinecapricieuse.com\/nos-produits\/\"},{\"@type\":\"ListItem\",\"position\":3,\"name\":\"Capsule d&#8217;Essai N\u00b0 1\"}]},{\"@type\":\"WebSite\",\"@id\":\"https:\/\/lareinecapricieuse.com\/#website\",\"url\":\"https:\/\/lareinecapricieuse.com\/\",\"name\":\"La Reine Capricieuse\",\"description\":\"Ultra-Care Beaut\u00e9\",\"publisher\":{\"@id\":\"https:\/\/lareinecapricieuse.com\/#organization\"},\"potentialAction\":[{\"@type\":\"SearchAction\",\"target\":{\"@type\":\"EntryPoint\",\"urlTemplate\":\"https:\/\/lareinecapricieuse.com\/?s={search_term_string}\"},\"query-input\":{\"@type\":\"PropertyValueSpecification\",\"valueRequired\":true,\"valueName\":\"search_term_string\"}}],\"inLanguage\":\"en-US\"},{\"@type\":\"Organization\",\"@id\":\"https:\/\/lareinecapricieuse.com\/#organization\",\"name\":\"La Reine Capricieuse\",\"url\":\"https:\/\/lareinecapricieuse.com\/\",\"logo\":{\"@type\":\"ImageObject\",\"inLanguage\":\"en-US\",\"@id\":\"https:\/\/lareinecapricieuse.com\/#\/schema\/logo\/image\/\",\"url\":\"https:\/\/lareinecapricieuse.com\/wp-content\/uploads\/2023\/12\/LOGO-LRC-PAYSAGE-OR-600ppi.png\",\"contentUrl\":\"https:\/\/lareinecapricieuse.com\/wp-content\/uploads\/2023\/12\/LOGO-LRC-PAYSAGE-OR-600ppi.png\",\"width\":2048,\"height\":664,\"caption\":\"La Reine Capricieuse\"},\"image\":{\"@id\":\"https:\/\/lareinecapricieuse.com\/#\/schema\/logo\/image\/\"},\"sameAs\":[\"https:\/\/www.facebook.com\/lareinecapricieusefr\",\"https:\/\/www.instagram.com\/lareinecapricieuse\/\"]}]}<\/script>\n<meta property=\"product:price:amount\" content=\"32.00\" \/>\n<meta property=\"product:price:currency\" content=\"EUR\" \/>\n<meta property=\"og:availability\" content=\"instock\" \/>\n<meta property=\"product:availability\" content=\"instock\" \/>\n<meta property=\"product:condition\" content=\"new\" \/>\n<!-- \/ Yoast SEO plugin. -->","yoast_head_json":{"title":"Capsule d\u2019Essai N\u00b01 | D\u00e9couvrez nos Soins Naturels | La Reine Capricieuse","description":"Capsule d'essai de cr\u00e8me riche cellulaire aux actifs anti-\u00e2ge 100% d\u2019origine naturelle. Rembours\u00e9e pour l'achat d'un flacon. Livraison offerte.","robots":{"index":"index","follow":"follow","max-snippet":"max-snippet:-1","max-image-preview":"max-image-preview:large","max-video-preview":"max-video-preview:-1"},"canonical":"https:\/\/lareinecapricieuse.com\/en\/product\/capsule\/","og_locale":"en_US","og_type":"article","og_title":"Capsule d\u2019Essai N\u00b01 | D\u00e9couvrez nos Soins Naturels | La Reine Capricieuse","og_description":"Capsule d'essai de cr\u00e8me riche cellulaire aux actifs anti-\u00e2ge 100% d\u2019origine naturelle. Rembours\u00e9e pour l'achat d'un flacon. Livraison offerte.","og_url":"https:\/\/lareinecapricieuse.com\/en\/product\/capsule\/","og_site_name":"La Reine Capricieuse","article_publisher":"https:\/\/www.facebook.com\/lareinecapricieusefr","article_modified_time":"2026-04-28T19:17:47+00:00","og_image":[{"width":600,"height":600,"url":"https:\/\/lareinecapricieuse.com\/wp-content\/uploads\/2024\/12\/Capsule_Voyage_2.jpg","type":"image\/jpeg"}],"twitter_card":"summary_large_image","twitter_misc":{"Price":"32,00&nbsp;&euro;","Availability":"In stock"},"schema":{"@context":"https:\/\/schema.org","@graph":[{"@type":"WebPage","@id":"https:\/\/lareinecapricieuse.com\/produit\/capsule-1\/","url":"https:\/\/lareinecapricieuse.com\/produit\/capsule-1\/","name":"Capsule d\u2019Essai N\u00b01 | D\u00e9couvrez nos Soins Naturels | La Reine Capricieuse","isPartOf":{"@id":"https:\/\/lareinecapricieuse.com\/#website"},"primaryImageOfPage":{"@id":"https:\/\/lareinecapricieuse.com\/produit\/capsule-1\/#primaryimage"},"image":{"@id":"https:\/\/lareinecapricieuse.com\/produit\/capsule-1\/#primaryimage"},"thumbnailUrl":"https:\/\/lareinecapricieuse.com\/wp-content\/uploads\/2024\/12\/Capsule_Voyage_2.jpg","datePublished":"2024-11-05T10:59:15+00:00","dateModified":"2026-04-28T19:17:47+00:00","description":"Capsule d'essai de cr\u00e8me riche cellulaire aux actifs anti-\u00e2ge 100% d\u2019origine naturelle. Rembours\u00e9e pour l'achat d'un flacon. Livraison offerte.","breadcrumb":{"@id":"https:\/\/lareinecapricieuse.com\/produit\/capsule-1\/#breadcrumb"},"inLanguage":"en-US","potentialAction":[{"@type":"ReadAction","target":["https:\/\/lareinecapricieuse.com\/produit\/capsule-1\/"]}]},{"@type":"ImageObject","inLanguage":"en-US","@id":"https:\/\/lareinecapricieuse.com\/produit\/capsule-1\/#primaryimage","url":"https:\/\/lareinecapricieuse.com\/wp-content\/uploads\/2024\/12\/Capsule_Voyage_2.jpg","contentUrl":"https:\/\/lareinecapricieuse.com\/wp-content\/uploads\/2024\/12\/Capsule_Voyage_2.jpg","width":600,"height":600,"caption":"Capsule d'essai pour tester la Cr\u00e8me Riche Cellulaire pendant 3 jours. Rembours\u00e9e pour l'achat d'un flacon."},{"@type":"BreadcrumbList","@id":"https:\/\/lareinecapricieuse.com\/produit\/capsule-1\/#breadcrumb","itemListElement":[{"@type":"ListItem","position":1,"name":"Accueil","item":"https:\/\/lareinecapricieuse.com\/"},{"@type":"ListItem","position":2,"name":"Nos produits","item":"https:\/\/lareinecapricieuse.com\/nos-produits\/"},{"@type":"ListItem","position":3,"name":"Capsule d&#8217;Essai N\u00b0 1"}]},{"@type":"WebSite","@id":"https:\/\/lareinecapricieuse.com\/#website","url":"https:\/\/lareinecapricieuse.com\/","name":"La Reine Capricieuse","description":"Ultra-Care Beaut\u00e9","publisher":{"@id":"https:\/\/lareinecapricieuse.com\/#organization"},"potentialAction":[{"@type":"SearchAction","target":{"@type":"EntryPoint","urlTemplate":"https:\/\/lareinecapricieuse.com\/?s={search_term_string}"},"query-input":{"@type":"PropertyValueSpecification","valueRequired":true,"valueName":"search_term_string"}}],"inLanguage":"en-US"},{"@type":"Organization","@id":"https:\/\/lareinecapricieuse.com\/#organization","name":"La Reine Capricieuse","url":"https:\/\/lareinecapricieuse.com\/","logo":{"@type":"ImageObject","inLanguage":"en-US","@id":"https:\/\/lareinecapricieuse.com\/#\/schema\/logo\/image\/","url":"https:\/\/lareinecapricieuse.com\/wp-content\/uploads\/2023\/12\/LOGO-LRC-PAYSAGE-OR-600ppi.png","contentUrl":"https:\/\/lareinecapricieuse.com\/wp-content\/uploads\/2023\/12\/LOGO-LRC-PAYSAGE-OR-600ppi.png","width":2048,"height":664,"caption":"La Reine Capricieuse"},"image":{"@id":"https:\/\/lareinecapricieuse.com\/#\/schema\/logo\/image\/"},"sameAs":["https:\/\/www.facebook.com\/lareinecapricieusefr","https:\/\/www.instagram.com\/lareinecapricieuse\/"]}]},"product_price_amount":"32.00","product_price_currency":"EUR","og_availability":"instock","product_availability":"instock","product_condition":"new"},"jetpack_sharing_enabled":true,"_links":{"self":[{"href":"https:\/\/lareinecapricieuse.com\/en\/wp-json\/wp\/v2\/product\/27493","targetHints":{"allow":["GET"]}}],"collection":[{"href":"https:\/\/lareinecapricieuse.com\/en\/wp-json\/wp\/v2\/product"}],"about":[{"href":"https:\/\/lareinecapricieuse.com\/en\/wp-json\/wp\/v2\/types\/product"}],"version-history":[{"count":12,"href":"https:\/\/lareinecapricieuse.com\/en\/wp-json\/wp\/v2\/product\/27493\/revisions"}],"predecessor-version":[{"id":33961,"href":"https:\/\/lareinecapricieuse.com\/en\/wp-json\/wp\/v2\/product\/27493\/revisions\/33961"}],"wp:featuredmedia":[{"embeddable":true,"href":"https:\/\/lareinecapricieuse.com\/en\/wp-json\/wp\/v2\/media\/28056"}],"wp:attachment":[{"href":"https:\/\/lareinecapricieuse.com\/en\/wp-json\/wp\/v2\/media?parent=27493"}],"wp:term":[{"taxonomy":"product_brand","embeddable":true,"href":"https:\/\/lareinecapricieuse.com\/en\/wp-json\/wp\/v2\/product_brand?post=27493"},{"taxonomy":"product_cat","embeddable":true,"href":"https:\/\/lareinecapricieuse.com\/en\/wp-json\/wp\/v2\/product_cat?post=27493"},{"taxonomy":"product_tag","embeddable":true,"href":"https:\/\/lareinecapricieuse.com\/en\/wp-json\/wp\/v2\/product_tag?post=27493"}],"curies":[{"name":"wp","href":"https:\/\/api.w.org\/{rel}","templated":true}]}}