{"id":27487,"date":"2024-12-05T08:50:40","date_gmt":"2024-12-05T07:50:40","guid":{"rendered":"https:\/\/lareinecapricieuse.com\/?post_type=product&#038;p=27487"},"modified":"2026-04-24T09:13:06","modified_gmt":"2026-04-24T08:13:06","slug":"coffret-2","status":"publish","type":"product","link":"https:\/\/lareinecapricieuse.com\/en\/product\/set-2\/","title":{"rendered":"Set No. 2"},"content":{"rendered":"<p>With 100% anti-aging active ingredients of natural origin, three-in-one for the face, neck and d\u00e9collet\u00e9.<\/p>","protected":false},"excerpt":{"rendered":"<p>With 100% anti-aging active ingredients of natural origin, three-in-one for the face, neck and d\u00e9collet\u00e9.<\/p>","protected":false},"featured_media":33703,"template":"","meta":{"_acf_changed":false},"product_brand":[192],"product_cat":[181],"product_tag":[],"class_list":{"0":"post-27487","1":"product","2":"type-product","3":"status-publish","4":"has-post-thumbnail","6":"product_brand-la-reine-capricieuse","7":"product_cat-coffrets","8":"product_shipping_class-world","10":"first","11":"instock","12":"taxable","13":"shipping-taxable","14":"purchasable","15":"product-type-simple"},"acf":[],"yoast_head":"<!-- This site is optimized with the Yoast SEO plugin v24.8.1 - https:\/\/yoast.com\/wordpress\/plugins\/seo\/ -->\n<title>Coffret N\u00b0 2 | Biotechnologie verte | Vitamines et oligo\u00e9l\u00e9ments<\/title>\n<meta name=\"description\" content=\"Cr\u00e8me Riche Cellulaire, anti-\u00e2ge total. S\u00e9rum Botanique Cellulaire, r\u00e9g\u00e9n\u00e9ration ultime. Nutrition intense et apaisante. Hydratation profonde et durable.\" \/>\n<meta name=\"robots\" content=\"index, follow, max-snippet:-1, max-image-preview:large, max-video-preview:-1\" \/>\n<link rel=\"canonical\" href=\"https:\/\/lareinecapricieuse.com\/en\/product\/set-2\/\" \/>\n<meta property=\"og:locale\" content=\"en_US\" \/>\n<meta property=\"og:type\" content=\"article\" \/>\n<meta property=\"og:title\" content=\"Coffret N\u00b0 2 | Biotechnologie verte | Vitamines et oligo\u00e9l\u00e9ments\" \/>\n<meta property=\"og:description\" content=\"Cr\u00e8me Riche Cellulaire, anti-\u00e2ge total. S\u00e9rum Botanique Cellulaire, r\u00e9g\u00e9n\u00e9ration ultime. Nutrition intense et apaisante. Hydratation profonde et durable.\" \/>\n<meta property=\"og:url\" content=\"https:\/\/lareinecapricieuse.com\/en\/product\/set-2\/\" \/>\n<meta property=\"og:site_name\" content=\"La Reine Capricieuse\" \/>\n<meta property=\"article:publisher\" content=\"https:\/\/www.facebook.com\/lareinecapricieusefr\" \/>\n<meta property=\"article:modified_time\" content=\"2026-04-24T08:13:06+00:00\" \/>\n<meta property=\"og:image\" content=\"https:\/\/lareinecapricieuse.com\/wp-content\/uploads\/2024\/12\/b3dd24fd-574d-4822-91b0-ebf6bf48eda7.png\" \/>\n\t<meta property=\"og:image:width\" content=\"900\" \/>\n\t<meta property=\"og:image:height\" content=\"900\" \/>\n\t<meta property=\"og:image:type\" content=\"image\/png\" \/>\n<meta name=\"twitter:card\" content=\"summary_large_image\" \/>\n<meta name=\"twitter:label1\" content=\"Price\" \/>\n\t<meta name=\"twitter:data1\" content=\"465,00&nbsp;&euro;\" \/>\n\t<meta name=\"twitter:label2\" content=\"Availability\" \/>\n\t<meta name=\"twitter:data2\" content=\"In stock\" \/>\n<script type=\"application\/ld+json\" class=\"yoast-schema-graph\">{\"@context\":\"https:\/\/schema.org\",\"@graph\":[{\"@type\":\"WebPage\",\"@id\":\"https:\/\/lareinecapricieuse.com\/produit\/coffret-2\/\",\"url\":\"https:\/\/lareinecapricieuse.com\/produit\/coffret-2\/\",\"name\":\"Coffret N\u00b0 2 | Biotechnologie verte | Vitamines et oligo\u00e9l\u00e9ments\",\"isPartOf\":{\"@id\":\"https:\/\/lareinecapricieuse.com\/#website\"},\"primaryImageOfPage\":{\"@id\":\"https:\/\/lareinecapricieuse.com\/produit\/coffret-2\/#primaryimage\"},\"image\":{\"@id\":\"https:\/\/lareinecapricieuse.com\/produit\/coffret-2\/#primaryimage\"},\"thumbnailUrl\":\"https:\/\/lareinecapricieuse.com\/wp-content\/uploads\/2024\/12\/b3dd24fd-574d-4822-91b0-ebf6bf48eda7.png\",\"datePublished\":\"2024-12-05T07:50:40+00:00\",\"dateModified\":\"2026-04-24T08:13:06+00:00\",\"description\":\"Cr\u00e8me Riche Cellulaire, anti-\u00e2ge total. S\u00e9rum Botanique Cellulaire, r\u00e9g\u00e9n\u00e9ration ultime. Nutrition intense et apaisante. Hydratation profonde et durable.\",\"breadcrumb\":{\"@id\":\"https:\/\/lareinecapricieuse.com\/produit\/coffret-2\/#breadcrumb\"},\"inLanguage\":\"en-US\",\"potentialAction\":[{\"@type\":\"ReadAction\",\"target\":[\"https:\/\/lareinecapricieuse.com\/produit\/coffret-2\/\"]}]},{\"@type\":\"ImageObject\",\"inLanguage\":\"en-US\",\"@id\":\"https:\/\/lareinecapricieuse.com\/produit\/coffret-2\/#primaryimage\",\"url\":\"https:\/\/lareinecapricieuse.com\/wp-content\/uploads\/2024\/12\/b3dd24fd-574d-4822-91b0-ebf6bf48eda7.png\",\"contentUrl\":\"https:\/\/lareinecapricieuse.com\/wp-content\/uploads\/2024\/12\/b3dd24fd-574d-4822-91b0-ebf6bf48eda7.png\",\"width\":900,\"height\":900},{\"@type\":\"BreadcrumbList\",\"@id\":\"https:\/\/lareinecapricieuse.com\/produit\/coffret-2\/#breadcrumb\",\"itemListElement\":[{\"@type\":\"ListItem\",\"position\":1,\"name\":\"Accueil\",\"item\":\"https:\/\/lareinecapricieuse.com\/\"},{\"@type\":\"ListItem\",\"position\":2,\"name\":\"Nos produits\",\"item\":\"https:\/\/lareinecapricieuse.com\/nos-produits\/\"},{\"@type\":\"ListItem\",\"position\":3,\"name\":\"Coffret N\u00b0 2\"}]},{\"@type\":\"WebSite\",\"@id\":\"https:\/\/lareinecapricieuse.com\/#website\",\"url\":\"https:\/\/lareinecapricieuse.com\/\",\"name\":\"La Reine Capricieuse\",\"description\":\"Ultra-Care Beaut\u00e9\",\"publisher\":{\"@id\":\"https:\/\/lareinecapricieuse.com\/#organization\"},\"potentialAction\":[{\"@type\":\"SearchAction\",\"target\":{\"@type\":\"EntryPoint\",\"urlTemplate\":\"https:\/\/lareinecapricieuse.com\/?s={search_term_string}\"},\"query-input\":{\"@type\":\"PropertyValueSpecification\",\"valueRequired\":true,\"valueName\":\"search_term_string\"}}],\"inLanguage\":\"en-US\"},{\"@type\":\"Organization\",\"@id\":\"https:\/\/lareinecapricieuse.com\/#organization\",\"name\":\"La Reine Capricieuse\",\"url\":\"https:\/\/lareinecapricieuse.com\/\",\"logo\":{\"@type\":\"ImageObject\",\"inLanguage\":\"en-US\",\"@id\":\"https:\/\/lareinecapricieuse.com\/#\/schema\/logo\/image\/\",\"url\":\"https:\/\/lareinecapricieuse.com\/wp-content\/uploads\/2023\/12\/LOGO-LRC-PAYSAGE-OR-600ppi.png\",\"contentUrl\":\"https:\/\/lareinecapricieuse.com\/wp-content\/uploads\/2023\/12\/LOGO-LRC-PAYSAGE-OR-600ppi.png\",\"width\":2048,\"height\":664,\"caption\":\"La Reine Capricieuse\"},\"image\":{\"@id\":\"https:\/\/lareinecapricieuse.com\/#\/schema\/logo\/image\/\"},\"sameAs\":[\"https:\/\/www.facebook.com\/lareinecapricieusefr\",\"https:\/\/www.instagram.com\/lareinecapricieuse\/\"]}]}<\/script>\n<meta property=\"product:price:amount\" content=\"465.00\" \/>\n<meta property=\"product:price:currency\" content=\"EUR\" \/>\n<meta property=\"og:availability\" content=\"instock\" \/>\n<meta property=\"product:availability\" content=\"instock\" \/>\n<meta property=\"product:condition\" content=\"new\" \/>\n<!-- \/ Yoast SEO plugin. -->","yoast_head_json":{"title":"Coffret N\u00b0 2 | Biotechnologie verte | Vitamines et oligo\u00e9l\u00e9ments","description":"Cr\u00e8me Riche Cellulaire, anti-\u00e2ge total. S\u00e9rum Botanique Cellulaire, r\u00e9g\u00e9n\u00e9ration ultime. Nutrition intense et apaisante. Hydratation profonde et durable.","robots":{"index":"index","follow":"follow","max-snippet":"max-snippet:-1","max-image-preview":"max-image-preview:large","max-video-preview":"max-video-preview:-1"},"canonical":"https:\/\/lareinecapricieuse.com\/en\/product\/set-2\/","og_locale":"en_US","og_type":"article","og_title":"Coffret N\u00b0 2 | Biotechnologie verte | Vitamines et oligo\u00e9l\u00e9ments","og_description":"Cr\u00e8me Riche Cellulaire, anti-\u00e2ge total. S\u00e9rum Botanique Cellulaire, r\u00e9g\u00e9n\u00e9ration ultime. Nutrition intense et apaisante. Hydratation profonde et durable.","og_url":"https:\/\/lareinecapricieuse.com\/en\/product\/set-2\/","og_site_name":"La Reine Capricieuse","article_publisher":"https:\/\/www.facebook.com\/lareinecapricieusefr","article_modified_time":"2026-04-24T08:13:06+00:00","og_image":[{"width":900,"height":900,"url":"https:\/\/lareinecapricieuse.com\/wp-content\/uploads\/2024\/12\/b3dd24fd-574d-4822-91b0-ebf6bf48eda7.png","type":"image\/png"}],"twitter_card":"summary_large_image","twitter_misc":{"Price":"465,00&nbsp;&euro;","Availability":"In stock"},"schema":{"@context":"https:\/\/schema.org","@graph":[{"@type":"WebPage","@id":"https:\/\/lareinecapricieuse.com\/produit\/coffret-2\/","url":"https:\/\/lareinecapricieuse.com\/produit\/coffret-2\/","name":"Coffret N\u00b0 2 | Biotechnologie verte | Vitamines et oligo\u00e9l\u00e9ments","isPartOf":{"@id":"https:\/\/lareinecapricieuse.com\/#website"},"primaryImageOfPage":{"@id":"https:\/\/lareinecapricieuse.com\/produit\/coffret-2\/#primaryimage"},"image":{"@id":"https:\/\/lareinecapricieuse.com\/produit\/coffret-2\/#primaryimage"},"thumbnailUrl":"https:\/\/lareinecapricieuse.com\/wp-content\/uploads\/2024\/12\/b3dd24fd-574d-4822-91b0-ebf6bf48eda7.png","datePublished":"2024-12-05T07:50:40+00:00","dateModified":"2026-04-24T08:13:06+00:00","description":"Cr\u00e8me Riche Cellulaire, anti-\u00e2ge total. S\u00e9rum Botanique Cellulaire, r\u00e9g\u00e9n\u00e9ration ultime. Nutrition intense et apaisante. Hydratation profonde et durable.","breadcrumb":{"@id":"https:\/\/lareinecapricieuse.com\/produit\/coffret-2\/#breadcrumb"},"inLanguage":"en-US","potentialAction":[{"@type":"ReadAction","target":["https:\/\/lareinecapricieuse.com\/produit\/coffret-2\/"]}]},{"@type":"ImageObject","inLanguage":"en-US","@id":"https:\/\/lareinecapricieuse.com\/produit\/coffret-2\/#primaryimage","url":"https:\/\/lareinecapricieuse.com\/wp-content\/uploads\/2024\/12\/b3dd24fd-574d-4822-91b0-ebf6bf48eda7.png","contentUrl":"https:\/\/lareinecapricieuse.com\/wp-content\/uploads\/2024\/12\/b3dd24fd-574d-4822-91b0-ebf6bf48eda7.png","width":900,"height":900},{"@type":"BreadcrumbList","@id":"https:\/\/lareinecapricieuse.com\/produit\/coffret-2\/#breadcrumb","itemListElement":[{"@type":"ListItem","position":1,"name":"Accueil","item":"https:\/\/lareinecapricieuse.com\/"},{"@type":"ListItem","position":2,"name":"Nos produits","item":"https:\/\/lareinecapricieuse.com\/nos-produits\/"},{"@type":"ListItem","position":3,"name":"Coffret N\u00b0 2"}]},{"@type":"WebSite","@id":"https:\/\/lareinecapricieuse.com\/#website","url":"https:\/\/lareinecapricieuse.com\/","name":"La Reine Capricieuse","description":"Ultra-Care Beaut\u00e9","publisher":{"@id":"https:\/\/lareinecapricieuse.com\/#organization"},"potentialAction":[{"@type":"SearchAction","target":{"@type":"EntryPoint","urlTemplate":"https:\/\/lareinecapricieuse.com\/?s={search_term_string}"},"query-input":{"@type":"PropertyValueSpecification","valueRequired":true,"valueName":"search_term_string"}}],"inLanguage":"en-US"},{"@type":"Organization","@id":"https:\/\/lareinecapricieuse.com\/#organization","name":"La Reine Capricieuse","url":"https:\/\/lareinecapricieuse.com\/","logo":{"@type":"ImageObject","inLanguage":"en-US","@id":"https:\/\/lareinecapricieuse.com\/#\/schema\/logo\/image\/","url":"https:\/\/lareinecapricieuse.com\/wp-content\/uploads\/2023\/12\/LOGO-LRC-PAYSAGE-OR-600ppi.png","contentUrl":"https:\/\/lareinecapricieuse.com\/wp-content\/uploads\/2023\/12\/LOGO-LRC-PAYSAGE-OR-600ppi.png","width":2048,"height":664,"caption":"La Reine Capricieuse"},"image":{"@id":"https:\/\/lareinecapricieuse.com\/#\/schema\/logo\/image\/"},"sameAs":["https:\/\/www.facebook.com\/lareinecapricieusefr","https:\/\/www.instagram.com\/lareinecapricieuse\/"]}]},"product_price_amount":"465.00","product_price_currency":"EUR","og_availability":"instock","product_availability":"instock","product_condition":"new"},"jetpack_sharing_enabled":true,"_links":{"self":[{"href":"https:\/\/lareinecapricieuse.com\/en\/wp-json\/wp\/v2\/product\/27487","targetHints":{"allow":["GET"]}}],"collection":[{"href":"https:\/\/lareinecapricieuse.com\/en\/wp-json\/wp\/v2\/product"}],"about":[{"href":"https:\/\/lareinecapricieuse.com\/en\/wp-json\/wp\/v2\/types\/product"}],"version-history":[{"count":4,"href":"https:\/\/lareinecapricieuse.com\/en\/wp-json\/wp\/v2\/product\/27487\/revisions"}],"predecessor-version":[{"id":32976,"href":"https:\/\/lareinecapricieuse.com\/en\/wp-json\/wp\/v2\/product\/27487\/revisions\/32976"}],"wp:featuredmedia":[{"embeddable":true,"href":"https:\/\/lareinecapricieuse.com\/en\/wp-json\/wp\/v2\/media\/33703"}],"wp:attachment":[{"href":"https:\/\/lareinecapricieuse.com\/en\/wp-json\/wp\/v2\/media?parent=27487"}],"wp:term":[{"taxonomy":"product_brand","embeddable":true,"href":"https:\/\/lareinecapricieuse.com\/en\/wp-json\/wp\/v2\/product_brand?post=27487"},{"taxonomy":"product_cat","embeddable":true,"href":"https:\/\/lareinecapricieuse.com\/en\/wp-json\/wp\/v2\/product_cat?post=27487"},{"taxonomy":"product_tag","embeddable":true,"href":"https:\/\/lareinecapricieuse.com\/en\/wp-json\/wp\/v2\/product_tag?post=27487"}],"curies":[{"name":"wp","href":"https:\/\/api.w.org\/{rel}","templated":true}]}}