{"id":23693,"date":"2024-09-09T14:31:56","date_gmt":"2024-09-09T13:31:56","guid":{"rendered":"https:\/\/lareinecapricieuse.com\/?post_type=product&#038;p=23693"},"modified":"2026-04-21T09:23:53","modified_gmt":"2026-04-21T08:23:53","slug":"contour-des-yeux-cellulaire","status":"publish","type":"product","link":"https:\/\/lareinecapricieuse.com\/en\/product\/pro-age-cellular-eye-contouring\/","title":{"rendered":"Pro-Age Cellular Eye Contouring"},"content":{"rendered":"<p>Cellular eye contour with 100% anti-aging active ingredients of natural origin to protect and illuminate all eyes, even the most sensitive. Highly concentrated formula in targeted patented ingredients and fundamental royal jelly rich in essential minerals.<\/p>","protected":false},"excerpt":{"rendered":"<p>Cellular eye contour with 100% anti-aging active ingredients of natural origin to protect and illuminate all eyes, even the most sensitive. Highly concentrated formula in targeted patented ingredients and fundamental royal jelly rich in essential minerals.<\/p>","protected":false},"featured_media":28058,"template":"","meta":{"_acf_changed":false},"product_brand":[192],"product_cat":[178],"product_tag":[],"class_list":{"0":"post-23693","1":"product","2":"type-product","3":"status-publish","4":"has-post-thumbnail","6":"product_brand-la-reine-capricieuse","7":"product_cat-gamme","8":"product_shipping_class-world","10":"first","11":"instock","12":"taxable","13":"shipping-taxable","14":"purchasable","15":"product-type-simple"},"acf":[],"yoast_head":"<!-- This site is optimized with the Yoast SEO plugin v24.8.1 - https:\/\/yoast.com\/wordpress\/plugins\/seo\/ -->\n<title>Contour Des Yeux Cellulaire anti-\u00e2ge | \u00c9clat du regard | Protection<\/title>\n<meta name=\"description\" content=\"Contour des yeux cellulaire aux actifs anti-\u00e2ge 100% d&#039;origine naturelle. Prot\u00e8ge et illumine tous les regards. Livraison offerte dans le monde entier.\" \/>\n<meta name=\"robots\" content=\"index, follow, max-snippet:-1, max-image-preview:large, max-video-preview:-1\" \/>\n<link rel=\"canonical\" href=\"https:\/\/lareinecapricieuse.com\/en\/product\/pro-age-cellular-eye-contouring\/\" \/>\n<meta property=\"og:locale\" content=\"en_US\" \/>\n<meta property=\"og:type\" content=\"article\" \/>\n<meta property=\"og:title\" content=\"Contour Des Yeux Cellulaire anti-\u00e2ge | \u00c9clat du regard | Protection\" \/>\n<meta property=\"og:description\" content=\"Contour des yeux cellulaire aux actifs anti-\u00e2ge 100% d&#039;origine naturelle. Prot\u00e8ge et illumine tous les regards. Livraison offerte dans le monde entier.\" \/>\n<meta property=\"og:url\" content=\"https:\/\/lareinecapricieuse.com\/en\/product\/pro-age-cellular-eye-contouring\/\" \/>\n<meta property=\"og:site_name\" content=\"La Reine Capricieuse\" \/>\n<meta property=\"article:publisher\" content=\"https:\/\/www.facebook.com\/lareinecapricieusefr\" \/>\n<meta property=\"article:modified_time\" content=\"2026-04-21T08:23:53+00:00\" \/>\n<meta property=\"og:image\" content=\"https:\/\/lareinecapricieuse.com\/wp-content\/uploads\/2024\/09\/Contour_Yeux1.jpg\" \/>\n\t<meta property=\"og:image:width\" content=\"600\" \/>\n\t<meta property=\"og:image:height\" content=\"600\" \/>\n\t<meta property=\"og:image:type\" content=\"image\/jpeg\" \/>\n<meta name=\"twitter:card\" content=\"summary_large_image\" \/>\n<meta name=\"twitter:label1\" content=\"Price\" \/>\n\t<meta name=\"twitter:data1\" content=\"185,00&nbsp;&euro;\" \/>\n\t<meta name=\"twitter:label2\" content=\"Availability\" \/>\n\t<meta name=\"twitter:data2\" content=\"In stock\" \/>\n<script type=\"application\/ld+json\" class=\"yoast-schema-graph\">{\"@context\":\"https:\/\/schema.org\",\"@graph\":[{\"@type\":\"WebPage\",\"@id\":\"https:\/\/lareinecapricieuse.com\/produit\/contour-des-yeux-cellulaire\/\",\"url\":\"https:\/\/lareinecapricieuse.com\/produit\/contour-des-yeux-cellulaire\/\",\"name\":\"Contour Des Yeux Cellulaire anti-\u00e2ge | \u00c9clat du regard | Protection\",\"isPartOf\":{\"@id\":\"https:\/\/lareinecapricieuse.com\/#website\"},\"primaryImageOfPage\":{\"@id\":\"https:\/\/lareinecapricieuse.com\/produit\/contour-des-yeux-cellulaire\/#primaryimage\"},\"image\":{\"@id\":\"https:\/\/lareinecapricieuse.com\/produit\/contour-des-yeux-cellulaire\/#primaryimage\"},\"thumbnailUrl\":\"https:\/\/lareinecapricieuse.com\/wp-content\/uploads\/2024\/09\/Contour_Yeux1.jpg\",\"datePublished\":\"2024-09-09T13:31:56+00:00\",\"dateModified\":\"2026-04-21T08:23:53+00:00\",\"description\":\"Contour des yeux cellulaire aux actifs anti-\u00e2ge 100% d'origine naturelle. Prot\u00e8ge et illumine tous les regards. Livraison offerte dans le monde entier.\",\"breadcrumb\":{\"@id\":\"https:\/\/lareinecapricieuse.com\/produit\/contour-des-yeux-cellulaire\/#breadcrumb\"},\"inLanguage\":\"en-US\",\"potentialAction\":[{\"@type\":\"ReadAction\",\"target\":[\"https:\/\/lareinecapricieuse.com\/produit\/contour-des-yeux-cellulaire\/\"]}]},{\"@type\":\"ImageObject\",\"inLanguage\":\"en-US\",\"@id\":\"https:\/\/lareinecapricieuse.com\/produit\/contour-des-yeux-cellulaire\/#primaryimage\",\"url\":\"https:\/\/lareinecapricieuse.com\/wp-content\/uploads\/2024\/09\/Contour_Yeux1.jpg\",\"contentUrl\":\"https:\/\/lareinecapricieuse.com\/wp-content\/uploads\/2024\/09\/Contour_Yeux1.jpg\",\"width\":600,\"height\":600,\"caption\":\"Contour des yeux cellulaire pour toutes les peaux m\u00eame les plus sensibles, protection et \u00e9clat\"},{\"@type\":\"BreadcrumbList\",\"@id\":\"https:\/\/lareinecapricieuse.com\/produit\/contour-des-yeux-cellulaire\/#breadcrumb\",\"itemListElement\":[{\"@type\":\"ListItem\",\"position\":1,\"name\":\"Accueil\",\"item\":\"https:\/\/lareinecapricieuse.com\/\"},{\"@type\":\"ListItem\",\"position\":2,\"name\":\"Nos produits\",\"item\":\"https:\/\/lareinecapricieuse.com\/nos-produits\/\"},{\"@type\":\"ListItem\",\"position\":3,\"name\":\"Contour Des Yeux Cellulaire\"}]},{\"@type\":\"WebSite\",\"@id\":\"https:\/\/lareinecapricieuse.com\/#website\",\"url\":\"https:\/\/lareinecapricieuse.com\/\",\"name\":\"La Reine Capricieuse\",\"description\":\"Ultra-Care Beaut\u00e9\",\"publisher\":{\"@id\":\"https:\/\/lareinecapricieuse.com\/#organization\"},\"potentialAction\":[{\"@type\":\"SearchAction\",\"target\":{\"@type\":\"EntryPoint\",\"urlTemplate\":\"https:\/\/lareinecapricieuse.com\/?s={search_term_string}\"},\"query-input\":{\"@type\":\"PropertyValueSpecification\",\"valueRequired\":true,\"valueName\":\"search_term_string\"}}],\"inLanguage\":\"en-US\"},{\"@type\":\"Organization\",\"@id\":\"https:\/\/lareinecapricieuse.com\/#organization\",\"name\":\"La Reine Capricieuse\",\"url\":\"https:\/\/lareinecapricieuse.com\/\",\"logo\":{\"@type\":\"ImageObject\",\"inLanguage\":\"en-US\",\"@id\":\"https:\/\/lareinecapricieuse.com\/#\/schema\/logo\/image\/\",\"url\":\"https:\/\/lareinecapricieuse.com\/wp-content\/uploads\/2023\/12\/LOGO-LRC-PAYSAGE-OR-600ppi.png\",\"contentUrl\":\"https:\/\/lareinecapricieuse.com\/wp-content\/uploads\/2023\/12\/LOGO-LRC-PAYSAGE-OR-600ppi.png\",\"width\":2048,\"height\":664,\"caption\":\"La Reine Capricieuse\"},\"image\":{\"@id\":\"https:\/\/lareinecapricieuse.com\/#\/schema\/logo\/image\/\"},\"sameAs\":[\"https:\/\/www.facebook.com\/lareinecapricieusefr\",\"https:\/\/www.instagram.com\/lareinecapricieuse\/\"]}]}<\/script>\n<meta property=\"product:price:amount\" content=\"185.00\" \/>\n<meta property=\"product:price:currency\" content=\"EUR\" \/>\n<meta property=\"og:availability\" content=\"instock\" \/>\n<meta property=\"product:availability\" content=\"instock\" \/>\n<meta property=\"product:condition\" content=\"new\" \/>\n<!-- \/ Yoast SEO plugin. -->","yoast_head_json":{"title":"Contour Des Yeux Cellulaire anti-\u00e2ge | \u00c9clat du regard | Protection","description":"Contour des yeux cellulaire aux actifs anti-\u00e2ge 100% d'origine naturelle. Prot\u00e8ge et illumine tous les regards. Livraison offerte dans le monde entier.","robots":{"index":"index","follow":"follow","max-snippet":"max-snippet:-1","max-image-preview":"max-image-preview:large","max-video-preview":"max-video-preview:-1"},"canonical":"https:\/\/lareinecapricieuse.com\/en\/product\/pro-age-cellular-eye-contouring\/","og_locale":"en_US","og_type":"article","og_title":"Contour Des Yeux Cellulaire anti-\u00e2ge | \u00c9clat du regard | Protection","og_description":"Contour des yeux cellulaire aux actifs anti-\u00e2ge 100% d'origine naturelle. Prot\u00e8ge et illumine tous les regards. Livraison offerte dans le monde entier.","og_url":"https:\/\/lareinecapricieuse.com\/en\/product\/pro-age-cellular-eye-contouring\/","og_site_name":"La Reine Capricieuse","article_publisher":"https:\/\/www.facebook.com\/lareinecapricieusefr","article_modified_time":"2026-04-21T08:23:53+00:00","og_image":[{"width":600,"height":600,"url":"https:\/\/lareinecapricieuse.com\/wp-content\/uploads\/2024\/09\/Contour_Yeux1.jpg","type":"image\/jpeg"}],"twitter_card":"summary_large_image","twitter_misc":{"Price":"185,00&nbsp;&euro;","Availability":"In stock"},"schema":{"@context":"https:\/\/schema.org","@graph":[{"@type":"WebPage","@id":"https:\/\/lareinecapricieuse.com\/produit\/contour-des-yeux-cellulaire\/","url":"https:\/\/lareinecapricieuse.com\/produit\/contour-des-yeux-cellulaire\/","name":"Contour Des Yeux Cellulaire anti-\u00e2ge | \u00c9clat du regard | Protection","isPartOf":{"@id":"https:\/\/lareinecapricieuse.com\/#website"},"primaryImageOfPage":{"@id":"https:\/\/lareinecapricieuse.com\/produit\/contour-des-yeux-cellulaire\/#primaryimage"},"image":{"@id":"https:\/\/lareinecapricieuse.com\/produit\/contour-des-yeux-cellulaire\/#primaryimage"},"thumbnailUrl":"https:\/\/lareinecapricieuse.com\/wp-content\/uploads\/2024\/09\/Contour_Yeux1.jpg","datePublished":"2024-09-09T13:31:56+00:00","dateModified":"2026-04-21T08:23:53+00:00","description":"Contour des yeux cellulaire aux actifs anti-\u00e2ge 100% d'origine naturelle. Prot\u00e8ge et illumine tous les regards. Livraison offerte dans le monde entier.","breadcrumb":{"@id":"https:\/\/lareinecapricieuse.com\/produit\/contour-des-yeux-cellulaire\/#breadcrumb"},"inLanguage":"en-US","potentialAction":[{"@type":"ReadAction","target":["https:\/\/lareinecapricieuse.com\/produit\/contour-des-yeux-cellulaire\/"]}]},{"@type":"ImageObject","inLanguage":"en-US","@id":"https:\/\/lareinecapricieuse.com\/produit\/contour-des-yeux-cellulaire\/#primaryimage","url":"https:\/\/lareinecapricieuse.com\/wp-content\/uploads\/2024\/09\/Contour_Yeux1.jpg","contentUrl":"https:\/\/lareinecapricieuse.com\/wp-content\/uploads\/2024\/09\/Contour_Yeux1.jpg","width":600,"height":600,"caption":"Contour des yeux cellulaire pour toutes les peaux m\u00eame les plus sensibles, protection et \u00e9clat"},{"@type":"BreadcrumbList","@id":"https:\/\/lareinecapricieuse.com\/produit\/contour-des-yeux-cellulaire\/#breadcrumb","itemListElement":[{"@type":"ListItem","position":1,"name":"Accueil","item":"https:\/\/lareinecapricieuse.com\/"},{"@type":"ListItem","position":2,"name":"Nos produits","item":"https:\/\/lareinecapricieuse.com\/nos-produits\/"},{"@type":"ListItem","position":3,"name":"Contour Des Yeux Cellulaire"}]},{"@type":"WebSite","@id":"https:\/\/lareinecapricieuse.com\/#website","url":"https:\/\/lareinecapricieuse.com\/","name":"La Reine Capricieuse","description":"Ultra-Care Beaut\u00e9","publisher":{"@id":"https:\/\/lareinecapricieuse.com\/#organization"},"potentialAction":[{"@type":"SearchAction","target":{"@type":"EntryPoint","urlTemplate":"https:\/\/lareinecapricieuse.com\/?s={search_term_string}"},"query-input":{"@type":"PropertyValueSpecification","valueRequired":true,"valueName":"search_term_string"}}],"inLanguage":"en-US"},{"@type":"Organization","@id":"https:\/\/lareinecapricieuse.com\/#organization","name":"La Reine Capricieuse","url":"https:\/\/lareinecapricieuse.com\/","logo":{"@type":"ImageObject","inLanguage":"en-US","@id":"https:\/\/lareinecapricieuse.com\/#\/schema\/logo\/image\/","url":"https:\/\/lareinecapricieuse.com\/wp-content\/uploads\/2023\/12\/LOGO-LRC-PAYSAGE-OR-600ppi.png","contentUrl":"https:\/\/lareinecapricieuse.com\/wp-content\/uploads\/2023\/12\/LOGO-LRC-PAYSAGE-OR-600ppi.png","width":2048,"height":664,"caption":"La Reine Capricieuse"},"image":{"@id":"https:\/\/lareinecapricieuse.com\/#\/schema\/logo\/image\/"},"sameAs":["https:\/\/www.facebook.com\/lareinecapricieusefr","https:\/\/www.instagram.com\/lareinecapricieuse\/"]}]},"product_price_amount":"185.00","product_price_currency":"EUR","og_availability":"instock","product_availability":"instock","product_condition":"new"},"jetpack_sharing_enabled":true,"_links":{"self":[{"href":"https:\/\/lareinecapricieuse.com\/en\/wp-json\/wp\/v2\/product\/23693","targetHints":{"allow":["GET"]}}],"collection":[{"href":"https:\/\/lareinecapricieuse.com\/en\/wp-json\/wp\/v2\/product"}],"about":[{"href":"https:\/\/lareinecapricieuse.com\/en\/wp-json\/wp\/v2\/types\/product"}],"version-history":[{"count":7,"href":"https:\/\/lareinecapricieuse.com\/en\/wp-json\/wp\/v2\/product\/23693\/revisions"}],"predecessor-version":[{"id":33967,"href":"https:\/\/lareinecapricieuse.com\/en\/wp-json\/wp\/v2\/product\/23693\/revisions\/33967"}],"wp:featuredmedia":[{"embeddable":true,"href":"https:\/\/lareinecapricieuse.com\/en\/wp-json\/wp\/v2\/media\/28058"}],"wp:attachment":[{"href":"https:\/\/lareinecapricieuse.com\/en\/wp-json\/wp\/v2\/media?parent=23693"}],"wp:term":[{"taxonomy":"product_brand","embeddable":true,"href":"https:\/\/lareinecapricieuse.com\/en\/wp-json\/wp\/v2\/product_brand?post=23693"},{"taxonomy":"product_cat","embeddable":true,"href":"https:\/\/lareinecapricieuse.com\/en\/wp-json\/wp\/v2\/product_cat?post=23693"},{"taxonomy":"product_tag","embeddable":true,"href":"https:\/\/lareinecapricieuse.com\/en\/wp-json\/wp\/v2\/product_tag?post=23693"}],"curies":[{"name":"wp","href":"https:\/\/api.w.org\/{rel}","templated":true}]}}