{"id":4962,"date":"2022-11-08T19:45:14","date_gmt":"2022-11-08T17:45:14","guid":{"rendered":"https:\/\/lareinecapricieuse.com\/?page_id=4962"},"modified":"2026-03-10T08:24:21","modified_gmt":"2026-03-10T07:24:21","slug":"mentions-legales","status":"publish","type":"page","link":"https:\/\/lareinecapricieuse.com\/en\/legal-notices\/","title":{"rendered":"Legal notices"},"content":{"rendered":"<div data-elementor-type=\"wp-page\" data-elementor-id=\"4962\" class=\"elementor elementor-4962\" data-elementor-post-type=\"page\">\n\t\t\t\t<div class=\"elementor-element elementor-element-71cdd4d e-flex e-con-boxed e-con e-parent\" data-id=\"71cdd4d\" data-element_type=\"container\" data-e-type=\"container\">\n\t\t\t\t\t<div class=\"e-con-inner\">\n\t\t\t\t<div class=\"elementor-element elementor-element-13d0df5 elementor-widget elementor-widget-breadcrumbs\" data-id=\"13d0df5\" data-element_type=\"widget\" data-e-type=\"widget\" data-widget_type=\"breadcrumbs.default\">\n\t\t\t\t<div class=\"elementor-widget-container\">\n\t\t\t\t\t<p id=\"breadcrumbs\">\tYou are here :\n<span><span><a href=\"https:\/\/lareinecapricieuse.com\/en\/\">Welcome<\/a><\/span><\/span><\/p>\t\t\t\t<\/div>\n\t\t\t\t<\/div>\n\t\t\t\t\t<\/div>\n\t\t\t\t<\/div>\n\t\t<div class=\"elementor-element elementor-element-0a1fe62 e-flex e-con-boxed e-con e-parent\" data-id=\"0a1fe62\" data-element_type=\"container\" data-e-type=\"container\" data-settings=\"{&quot;background_background&quot;:&quot;classic&quot;}\">\n\t\t\t\t\t<div class=\"e-con-inner\">\n\t\t<div class=\"elementor-element elementor-element-951ca25 e-con-full e-flex e-con e-child\" data-id=\"951ca25\" data-element_type=\"container\" data-e-type=\"container\">\n\t\t\t\t<div class=\"elementor-element elementor-element-fcfe5ec elementor-widget elementor-widget-heading\" data-id=\"fcfe5ec\" data-element_type=\"widget\" data-e-type=\"widget\" data-widget_type=\"heading.default\">\n\t\t\t\t<div class=\"elementor-widget-container\">\n\t\t\t\t\t<h1 class=\"elementor-heading-title elementor-size-default\">Legal notices<\/h1>\t\t\t\t<\/div>\n\t\t\t\t<\/div>\n\t\t\t\t<\/div>\n\t\t\t\t\t<\/div>\n\t\t\t\t<\/div>\n\t\t\t\t<section class=\"elementor-section elementor-top-section elementor-element elementor-element-86a3033 elementor-section-boxed elementor-section-height-default elementor-section-height-default\" data-id=\"86a3033\" data-element_type=\"section\" data-e-type=\"section\" data-settings=\"{&quot;background_background&quot;:&quot;classic&quot;}\">\n\t\t\t\t\t\t<div class=\"elementor-container elementor-column-gap-no\">\n\t\t\t\t\t<div class=\"elementor-column elementor-col-100 elementor-top-column elementor-element elementor-element-05f3f1c\" data-id=\"05f3f1c\" data-element_type=\"column\" data-e-type=\"column\">\n\t\t\t<div class=\"elementor-widget-wrap elementor-element-populated\">\n\t\t\t\t\t\t<section class=\"elementor-section elementor-inner-section elementor-element elementor-element-9f3fcc3 elementor-section-boxed elementor-section-height-default elementor-section-height-default\" data-id=\"9f3fcc3\" data-element_type=\"section\" data-e-type=\"section\">\n\t\t\t\t\t\t<div class=\"elementor-container elementor-column-gap-no\">\n\t\t\t\t\t<div class=\"elementor-column elementor-col-100 elementor-inner-column elementor-element elementor-element-fdc510b\" data-id=\"fdc510b\" data-element_type=\"column\" data-e-type=\"column\">\n\t\t\t<div class=\"elementor-widget-wrap elementor-element-populated\">\n\t\t\t\t\t\t<div class=\"elementor-element elementor-element-a388235 elementor-widget-divider--view-line elementor-widget elementor-widget-divider\" data-id=\"a388235\" data-element_type=\"widget\" data-e-type=\"widget\" data-widget_type=\"divider.default\">\n\t\t\t\t<div class=\"elementor-widget-container\">\n\t\t\t\t\t\t\t<div class=\"elementor-divider\">\n\t\t\t<span class=\"elementor-divider-separator\">\n\t\t\t\t\t\t<\/span>\n\t\t<\/div>\n\t\t\t\t\t\t<\/div>\n\t\t\t\t<\/div>\n\t\t\t\t<div class=\"elementor-element elementor-element-7e66e4a elementor-widget elementor-widget-heading\" data-id=\"7e66e4a\" data-element_type=\"widget\" data-e-type=\"widget\" data-widget_type=\"heading.default\">\n\t\t\t\t<div class=\"elementor-widget-container\">\n\t\t\t\t\t<h4 class=\"elementor-heading-title elementor-size-default\">Use of the site<\/h4>\t\t\t\t<\/div>\n\t\t\t\t<\/div>\n\t\t\t\t<div class=\"elementor-element elementor-element-975ed0d elementor-widget elementor-widget-text-editor\" data-id=\"975ed0d\" data-element_type=\"widget\" data-e-type=\"widget\" data-widget_type=\"text-editor.default\">\n\t\t\t\t<div class=\"elementor-widget-container\">\n\t\t\t\t\t\t\t\t\t<p>Access to and use of the site lareinecapricieuse.com are subject to compliance with the General Conditions of Sale, these Legal Notices and the Confidentiality Policy.<\/p>\t\t\t\t\t\t\t\t<\/div>\n\t\t\t\t<\/div>\n\t\t\t\t<div class=\"elementor-element elementor-element-cc9acf3 elementor-widget-divider--view-line elementor-widget elementor-widget-divider\" data-id=\"cc9acf3\" data-element_type=\"widget\" data-e-type=\"widget\" data-widget_type=\"divider.default\">\n\t\t\t\t<div class=\"elementor-widget-container\">\n\t\t\t\t\t\t\t<div class=\"elementor-divider\">\n\t\t\t<span class=\"elementor-divider-separator\">\n\t\t\t\t\t\t<\/span>\n\t\t<\/div>\n\t\t\t\t\t\t<\/div>\n\t\t\t\t<\/div>\n\t\t\t\t<div class=\"elementor-element elementor-element-a39ee4d elementor-widget elementor-widget-heading\" data-id=\"a39ee4d\" data-element_type=\"widget\" data-e-type=\"widget\" data-widget_type=\"heading.default\">\n\t\t\t\t<div class=\"elementor-widget-container\">\n\t\t\t\t\t<h4 class=\"elementor-heading-title elementor-size-default\">Editor<\/h4>\t\t\t\t<\/div>\n\t\t\t\t<\/div>\n\t\t\t\t<div class=\"elementor-element elementor-element-8472fba elementor-widget elementor-widget-text-editor\" data-id=\"8472fba\" data-element_type=\"widget\" data-e-type=\"widget\" data-widget_type=\"text-editor.default\">\n\t\t\t\t<div class=\"elementor-widget-container\">\n\t\t\t\t\t\t\t\t\t<p>La Reine Capricieuse SAS, a simplified joint-stock company with a capital of 38,610 euros, whose registered office is located at 43 route des Rosiers, 88310 Cornimont, France, registered with the Trade and Companies Register of \u00c9pinal under number 910 988 740.<\/p><p>Intra-Community VAT number: FR59 910 988 740.<\/p><p>Contact email: contact@lareinecapriceuse.com.<\/p><p>Publication Director: Mr. Alexandre Styker.<\/p>\t\t\t\t\t\t\t\t<\/div>\n\t\t\t\t<\/div>\n\t\t\t\t<div class=\"elementor-element elementor-element-0915639 elementor-widget-divider--view-line elementor-widget elementor-widget-divider\" data-id=\"0915639\" data-element_type=\"widget\" data-e-type=\"widget\" data-widget_type=\"divider.default\">\n\t\t\t\t<div class=\"elementor-widget-container\">\n\t\t\t\t\t\t\t<div class=\"elementor-divider\">\n\t\t\t<span class=\"elementor-divider-separator\">\n\t\t\t\t\t\t<\/span>\n\t\t<\/div>\n\t\t\t\t\t\t<\/div>\n\t\t\t\t<\/div>\n\t\t\t\t<div class=\"elementor-element elementor-element-d216584 elementor-widget elementor-widget-heading\" data-id=\"d216584\" data-element_type=\"widget\" data-e-type=\"widget\" data-widget_type=\"heading.default\">\n\t\t\t\t<div class=\"elementor-widget-container\">\n\t\t\t\t\t<h4 class=\"elementor-heading-title elementor-size-default\">Accommodation\n<\/h4>\t\t\t\t<\/div>\n\t\t\t\t<\/div>\n\t\t\t\t<div class=\"elementor-element elementor-element-7b1d012 elementor-widget elementor-widget-text-editor\" data-id=\"7b1d012\" data-element_type=\"widget\" data-e-type=\"widget\" data-widget_type=\"text-editor.default\">\n\t\t\t\t<div class=\"elementor-widget-container\">\n\t\t\t\t\t\t\t\t\tThe site is hosted by O2SWITCH whose head office is located at 222 boulevard Gustave Flaubert, 63000 Clermont-Ferrand, France.\t\t\t\t\t\t\t\t<\/div>\n\t\t\t\t<\/div>\n\t\t\t\t\t<\/div>\n\t\t<\/div>\n\t\t\t\t\t<\/div>\n\t\t<\/section>\n\t\t\t\t\t<\/div>\n\t\t<\/div>\n\t\t\t\t\t<\/div>\n\t\t<\/section>\n\t\t\t\t<\/div>","protected":false},"excerpt":{"rendered":"<p>Mentions l\u00e9gales Utilisation du site L\u2019acc\u00e8s et l\u2019utilisation du site lareinecapricieuse.com sont soumis au respect des Conditions G\u00e9n\u00e9rales de Vente, aux pr\u00e9sentes Mentions L\u00e9gales et \u00e0 la Politique de Confidentialit\u00e9. \u00c9diteur La Reine Capricieuse SAS, soci\u00e9t\u00e9 par actions simplifi\u00e9e au capital de 38 610 euros, dont le si\u00e8ge social est situ\u00e9 au 43 route des [&hellip;]<\/p>","protected":false},"author":1,"featured_media":0,"parent":0,"menu_order":0,"comment_status":"closed","ping_status":"closed","template":"elementor_header_footer","meta":{"_acf_changed":false,"footnotes":""},"class_list":["post-4962","page","type-page","status-publish","hentry"],"acf":[],"yoast_head":"<!-- This site is optimized with the Yoast SEO plugin v24.8.1 - https:\/\/yoast.com\/wordpress\/plugins\/seo\/ -->\n<title>Mentions l\u00e9gales | La Reine Capricieuse<\/title>\n<meta name=\"description\" content=\"L\u2019acc\u00e8s et l\u2019utilisation du site sont soumis au respect des CGV, aux pr\u00e9sentes Mentions L\u00e9gales et \u00e0 la Politique de Confidentialit\u00e9.\" \/>\n<meta name=\"robots\" content=\"index, follow, max-snippet:-1, max-image-preview:large, max-video-preview:-1\" \/>\n<link rel=\"canonical\" href=\"https:\/\/lareinecapricieuse.com\/en\/legal-notices\/\" \/>\n<meta property=\"og:locale\" content=\"en_US\" \/>\n<meta property=\"og:type\" content=\"article\" \/>\n<meta property=\"og:title\" content=\"Mentions l\u00e9gales | La Reine Capricieuse\" \/>\n<meta property=\"og:description\" content=\"L\u2019acc\u00e8s et l\u2019utilisation du site sont soumis au respect des CGV, aux pr\u00e9sentes Mentions L\u00e9gales et \u00e0 la Politique de Confidentialit\u00e9.\" \/>\n<meta property=\"og:url\" content=\"https:\/\/lareinecapricieuse.com\/en\/legal-notices\/\" \/>\n<meta property=\"og:site_name\" content=\"La Reine Capricieuse\" \/>\n<meta property=\"article:publisher\" content=\"https:\/\/www.facebook.com\/lareinecapricieusefr\" \/>\n<meta property=\"article:modified_time\" content=\"2026-03-10T07:24:21+00:00\" \/>\n<meta name=\"twitter:card\" content=\"summary_large_image\" \/>\n<meta name=\"twitter:label1\" content=\"Est. reading time\" \/>\n\t<meta name=\"twitter:data1\" content=\"1 minute\" \/>\n<script type=\"application\/ld+json\" class=\"yoast-schema-graph\">{\"@context\":\"https:\/\/schema.org\",\"@graph\":[{\"@type\":\"WebPage\",\"@id\":\"https:\/\/lareinecapricieuse.com\/mentions-legales\/\",\"url\":\"https:\/\/lareinecapricieuse.com\/mentions-legales\/\",\"name\":\"Mentions l\u00e9gales | La Reine Capricieuse\",\"isPartOf\":{\"@id\":\"https:\/\/lareinecapricieuse.com\/#website\"},\"datePublished\":\"2022-11-08T17:45:14+00:00\",\"dateModified\":\"2026-03-10T07:24:21+00:00\",\"description\":\"L\u2019acc\u00e8s et l\u2019utilisation du site sont soumis au respect des CGV, aux pr\u00e9sentes Mentions L\u00e9gales et \u00e0 la Politique de Confidentialit\u00e9.\",\"breadcrumb\":{\"@id\":\"https:\/\/lareinecapricieuse.com\/mentions-legales\/#breadcrumb\"},\"inLanguage\":\"en-US\",\"potentialAction\":[{\"@type\":\"ReadAction\",\"target\":[\"https:\/\/lareinecapricieuse.com\/mentions-legales\/\"]}]},{\"@type\":\"BreadcrumbList\",\"@id\":\"https:\/\/lareinecapricieuse.com\/mentions-legales\/#breadcrumb\",\"itemListElement\":[{\"@type\":\"ListItem\",\"position\":1,\"name\":\"Accueil\",\"item\":\"https:\/\/lareinecapricieuse.com\/\"},{\"@type\":\"ListItem\",\"position\":2,\"name\":\"Mentions l\u00e9gales\"}]},{\"@type\":\"WebSite\",\"@id\":\"https:\/\/lareinecapricieuse.com\/#website\",\"url\":\"https:\/\/lareinecapricieuse.com\/\",\"name\":\"La Reine Capricieuse\",\"description\":\"Ultra-Care Beaut\u00e9\",\"publisher\":{\"@id\":\"https:\/\/lareinecapricieuse.com\/#organization\"},\"potentialAction\":[{\"@type\":\"SearchAction\",\"target\":{\"@type\":\"EntryPoint\",\"urlTemplate\":\"https:\/\/lareinecapricieuse.com\/?s={search_term_string}\"},\"query-input\":{\"@type\":\"PropertyValueSpecification\",\"valueRequired\":true,\"valueName\":\"search_term_string\"}}],\"inLanguage\":\"en-US\"},{\"@type\":\"Organization\",\"@id\":\"https:\/\/lareinecapricieuse.com\/#organization\",\"name\":\"La Reine Capricieuse\",\"url\":\"https:\/\/lareinecapricieuse.com\/\",\"logo\":{\"@type\":\"ImageObject\",\"inLanguage\":\"en-US\",\"@id\":\"https:\/\/lareinecapricieuse.com\/#\/schema\/logo\/image\/\",\"url\":\"https:\/\/lareinecapricieuse.com\/wp-content\/uploads\/2023\/12\/LOGO-LRC-PAYSAGE-OR-600ppi.png\",\"contentUrl\":\"https:\/\/lareinecapricieuse.com\/wp-content\/uploads\/2023\/12\/LOGO-LRC-PAYSAGE-OR-600ppi.png\",\"width\":2048,\"height\":664,\"caption\":\"La Reine Capricieuse\"},\"image\":{\"@id\":\"https:\/\/lareinecapricieuse.com\/#\/schema\/logo\/image\/\"},\"sameAs\":[\"https:\/\/www.facebook.com\/lareinecapricieusefr\",\"https:\/\/www.instagram.com\/lareinecapricieuse\/\"]}]}<\/script>\n<!-- \/ Yoast SEO plugin. -->","yoast_head_json":{"title":"Mentions l\u00e9gales | La Reine Capricieuse","description":"L\u2019acc\u00e8s et l\u2019utilisation du site sont soumis au respect des CGV, aux pr\u00e9sentes Mentions L\u00e9gales et \u00e0 la Politique de Confidentialit\u00e9.","robots":{"index":"index","follow":"follow","max-snippet":"max-snippet:-1","max-image-preview":"max-image-preview:large","max-video-preview":"max-video-preview:-1"},"canonical":"https:\/\/lareinecapricieuse.com\/en\/legal-notices\/","og_locale":"en_US","og_type":"article","og_title":"Mentions l\u00e9gales | La Reine Capricieuse","og_description":"L\u2019acc\u00e8s et l\u2019utilisation du site sont soumis au respect des CGV, aux pr\u00e9sentes Mentions L\u00e9gales et \u00e0 la Politique de Confidentialit\u00e9.","og_url":"https:\/\/lareinecapricieuse.com\/en\/legal-notices\/","og_site_name":"La Reine Capricieuse","article_publisher":"https:\/\/www.facebook.com\/lareinecapricieusefr","article_modified_time":"2026-03-10T07:24:21+00:00","twitter_card":"summary_large_image","twitter_misc":{"Est. reading time":"1 minute"},"schema":{"@context":"https:\/\/schema.org","@graph":[{"@type":"WebPage","@id":"https:\/\/lareinecapricieuse.com\/mentions-legales\/","url":"https:\/\/lareinecapricieuse.com\/mentions-legales\/","name":"Mentions l\u00e9gales | La Reine Capricieuse","isPartOf":{"@id":"https:\/\/lareinecapricieuse.com\/#website"},"datePublished":"2022-11-08T17:45:14+00:00","dateModified":"2026-03-10T07:24:21+00:00","description":"L\u2019acc\u00e8s et l\u2019utilisation du site sont soumis au respect des CGV, aux pr\u00e9sentes Mentions L\u00e9gales et \u00e0 la Politique de Confidentialit\u00e9.","breadcrumb":{"@id":"https:\/\/lareinecapricieuse.com\/mentions-legales\/#breadcrumb"},"inLanguage":"en-US","potentialAction":[{"@type":"ReadAction","target":["https:\/\/lareinecapricieuse.com\/mentions-legales\/"]}]},{"@type":"BreadcrumbList","@id":"https:\/\/lareinecapricieuse.com\/mentions-legales\/#breadcrumb","itemListElement":[{"@type":"ListItem","position":1,"name":"Accueil","item":"https:\/\/lareinecapricieuse.com\/"},{"@type":"ListItem","position":2,"name":"Mentions l\u00e9gales"}]},{"@type":"WebSite","@id":"https:\/\/lareinecapricieuse.com\/#website","url":"https:\/\/lareinecapricieuse.com\/","name":"La Reine Capricieuse","description":"Ultra-Care Beaut\u00e9","publisher":{"@id":"https:\/\/lareinecapricieuse.com\/#organization"},"potentialAction":[{"@type":"SearchAction","target":{"@type":"EntryPoint","urlTemplate":"https:\/\/lareinecapricieuse.com\/?s={search_term_string}"},"query-input":{"@type":"PropertyValueSpecification","valueRequired":true,"valueName":"search_term_string"}}],"inLanguage":"en-US"},{"@type":"Organization","@id":"https:\/\/lareinecapricieuse.com\/#organization","name":"La Reine Capricieuse","url":"https:\/\/lareinecapricieuse.com\/","logo":{"@type":"ImageObject","inLanguage":"en-US","@id":"https:\/\/lareinecapricieuse.com\/#\/schema\/logo\/image\/","url":"https:\/\/lareinecapricieuse.com\/wp-content\/uploads\/2023\/12\/LOGO-LRC-PAYSAGE-OR-600ppi.png","contentUrl":"https:\/\/lareinecapricieuse.com\/wp-content\/uploads\/2023\/12\/LOGO-LRC-PAYSAGE-OR-600ppi.png","width":2048,"height":664,"caption":"La Reine Capricieuse"},"image":{"@id":"https:\/\/lareinecapricieuse.com\/#\/schema\/logo\/image\/"},"sameAs":["https:\/\/www.facebook.com\/lareinecapricieusefr","https:\/\/www.instagram.com\/lareinecapricieuse\/"]}]}},"jetpack_sharing_enabled":true,"_links":{"self":[{"href":"https:\/\/lareinecapricieuse.com\/en\/wp-json\/wp\/v2\/pages\/4962","targetHints":{"allow":["GET"]}}],"collection":[{"href":"https:\/\/lareinecapricieuse.com\/en\/wp-json\/wp\/v2\/pages"}],"about":[{"href":"https:\/\/lareinecapricieuse.com\/en\/wp-json\/wp\/v2\/types\/page"}],"author":[{"embeddable":true,"href":"https:\/\/lareinecapricieuse.com\/en\/wp-json\/wp\/v2\/users\/1"}],"replies":[{"embeddable":true,"href":"https:\/\/lareinecapricieuse.com\/en\/wp-json\/wp\/v2\/comments?post=4962"}],"version-history":[{"count":3,"href":"https:\/\/lareinecapricieuse.com\/en\/wp-json\/wp\/v2\/pages\/4962\/revisions"}],"predecessor-version":[{"id":33779,"href":"https:\/\/lareinecapricieuse.com\/en\/wp-json\/wp\/v2\/pages\/4962\/revisions\/33779"}],"wp:attachment":[{"href":"https:\/\/lareinecapricieuse.com\/en\/wp-json\/wp\/v2\/media?parent=4962"}],"curies":[{"name":"wp","href":"https:\/\/api.w.org\/{rel}","templated":true}]}}